{"id":5332,"date":"2021-02-11T00:00:00","date_gmt":"2021-02-10T16:00:00","guid":{"rendered":"https:\/\/www.jutent.com\/?post_type=product&#038;p=5332"},"modified":"2026-04-28T14:02:54","modified_gmt":"2026-04-28T06:02:54","slug":"toiture-en-membrane-integree-pour-double-terrain-de-basket","status":"publish","type":"product","link":"https:\/\/www.jutent.com\/fr\/product\/sports\/sports-court-canopies\/integrated-double-basketball-court-membrane-canopy\/","title":{"rendered":"Toiture en membrane int\u00e9gr\u00e9e pour double terrain de basket"},"excerpt":{"rendered":"<p>Auvent de basket \u00e0 double terrain, dimensions standard 40m \u00d7 40m \u00d7 8m, personnalisable. Membrane tendue durable pour grandes installations sportives, offrant une protection fiable contre le soleil et la pluie.<\/p>","protected":false},"author":2,"featured_media":5716,"parent":0,"template":"","meta":{"_acf_changed":false,"site-sidebar-layout":"default","site-content-layout":"","ast-site-content-layout":"default","site-content-style":"default","site-sidebar-style":"default","ast-global-header-display":"","ast-banner-title-visibility":"","ast-main-header-display":"","ast-hfb-above-header-display":"","ast-hfb-below-header-display":"","ast-hfb-mobile-header-display":"","site-post-title":"","ast-breadcrumbs-content":"","ast-featured-img":"","footer-sml-layout":"","ast-disable-related-posts":"","theme-transparent-header-meta":"default","adv-header-id-meta":"","stick-header-meta":"default","header-above-stick-meta":"","header-main-stick-meta":"","header-below-stick-meta":"","astra-migrate-meta-layouts":"set","ast-page-background-enabled":"default","ast-page-background-meta":{"desktop":{"background-color":"var(--ast-global-color-4)","background-image":"","background-repeat":"repeat","background-position":"center center","background-size":"auto","background-attachment":"scroll","background-type":"","background-media":"","overlay-type":"","overlay-color":"","overlay-opacity":"","overlay-gradient":""},"tablet":{"background-color":"","background-image":"","background-repeat":"repeat","background-position":"center center","background-size":"auto","background-attachment":"scroll","background-type":"","background-media":"","overlay-type":"","overlay-color":"","overlay-opacity":"","overlay-gradient":""},"mobile":{"background-color":"","background-image":"","background-repeat":"repeat","background-position":"center center","background-size":"auto","background-attachment":"scroll","background-type":"","background-media":"","overlay-type":"","overlay-color":"","overlay-opacity":"","overlay-gradient":""}},"ast-content-background-meta":{"desktop":{"background-color":"var(--ast-global-color-5)","background-image":"","background-repeat":"repeat","background-position":"center center","background-size":"auto","background-attachment":"scroll","background-type":"","background-media":"","overlay-type":"","overlay-color":"","overlay-opacity":"","overlay-gradient":""},"tablet":{"background-color":"var(--ast-global-color-5)","background-image":"","background-repeat":"repeat","background-position":"center center","background-size":"auto","background-attachment":"scroll","background-type":"","background-media":"","overlay-type":"","overlay-color":"","overlay-opacity":"","overlay-gradient":""},"mobile":{"background-color":"var(--ast-global-color-5)","background-image":"","background-repeat":"repeat","background-position":"center center","background-size":"auto","background-attachment":"scroll","background-type":"","background-media":"","overlay-type":"","overlay-color":"","overlay-opacity":"","overlay-gradient":""}}},"product-application":[314],"class_list":["post-5332","product","type-product","status-publish","has-post-thumbnail","hentry","product-application-sports-court-canopies"],"acf":{"product_gallery":[5712,5713,5714,5715],"product_model_no":"BC-A53D","feature_a":"Ultra-Large Span","feature_b":"20% Natural Translucency","feature_c":"Faster Installation","feature_d":"Eco-Friendly","clear_span":"17 \u2013 40 meters","design_wind_speed":"30 \u2013 65 m\/s(Project location based)","membrane_material_type":"PVDF-coated PVC \/ PTFE (650\u20131350 g\/m\u00b2)","surface_treatment":"Painting \u2265 160 \u03bcm\/Hot-dip galvanized(Optional)","fire_performance":"B1 \/ B-s1,d0 (PTFE A2)","design_service_life":"Steel \u2265 20 years\/ Membrane 15\u201325 years","product_drawing":"","3d_model_link":"<div class=\"sketchfab-embed-wrapper\"> <iframe title=\"BC-A53D\" frameborder=\"0\" allowfullscreen mozallowfullscreen=\"true\" webkitallowfullscreen=\"true\" allow=\"autoplay; fullscreen; xr-spatial-tracking\" xr-spatial-tracking execution-while-out-of-viewport execution-while-not-rendered web-share width=\"960\" height=\"540\" src=\"https:\/\/sketchfab.com\/models\/306ef9ca8d3e43fc8c41f10675c07a80\/embed?autostart=1\"> <\/iframe> <\/div>","product_detail":""},"_links":{"self":[{"href":"https:\/\/www.jutent.com\/fr\/wp-json\/wp\/v2\/product\/5332","targetHints":{"allow":["GET"]}}],"collection":[{"href":"https:\/\/www.jutent.com\/fr\/wp-json\/wp\/v2\/product"}],"about":[{"href":"https:\/\/www.jutent.com\/fr\/wp-json\/wp\/v2\/types\/product"}],"author":[{"embeddable":true,"href":"https:\/\/www.jutent.com\/fr\/wp-json\/wp\/v2\/users\/2"}],"version-history":[{"count":0,"href":"https:\/\/www.jutent.com\/fr\/wp-json\/wp\/v2\/product\/5332\/revisions"}],"acf:attachment":[{"embeddable":true,"href":"https:\/\/www.jutent.com\/fr\/wp-json\/wp\/v2\/media\/5715"},{"embeddable":true,"href":"https:\/\/www.jutent.com\/fr\/wp-json\/wp\/v2\/media\/5714"},{"embeddable":true,"href":"https:\/\/www.jutent.com\/fr\/wp-json\/wp\/v2\/media\/5713"},{"embeddable":true,"href":"https:\/\/www.jutent.com\/fr\/wp-json\/wp\/v2\/media\/5712"}],"wp:featuredmedia":[{"embeddable":true,"href":"https:\/\/www.jutent.com\/fr\/wp-json\/wp\/v2\/media\/5716"}],"wp:attachment":[{"href":"https:\/\/www.jutent.com\/fr\/wp-json\/wp\/v2\/media?parent=5332"}],"wp:term":[{"taxonomy":"product-application","embeddable":true,"href":"https:\/\/www.jutent.com\/fr\/wp-json\/wp\/v2\/product-application?post=5332"}],"curies":[{"name":"wp","href":"https:\/\/api.w.org\/{rel}","templated":true}]}}