{"id":5442,"date":"2022-02-25T00:00:00","date_gmt":"2022-02-24T16:00:00","guid":{"rendered":"https:\/\/www.jutent.com\/?post_type=product&#038;p=5442"},"modified":"2026-04-28T14:03:01","modified_gmt":"2026-04-28T06:03:01","slug":"auvent-de-voiture-en-membrane-tendue-arquee-a-colonne-unique","status":"publish","type":"product","link":"https:\/\/www.jutent.com\/fr\/product\/carports\/commercial-ev-carports\/single-column-arched-tensile-membrane-carport\/","title":{"rendered":"Carport en tensile membrane arqu\u00e9 \u00e0 colonne unique"},"excerpt":{"rendered":"<p>Abri de voiture \u00e9conomique en membrane tendue \u00e0 arche \u00e0 poteau unique avec structure simplifi\u00e9e et installation facile. Id\u00e9al pour des solutions de stationnement \u00e9conomiques dans les zones commerciales et publiques.<\/p>","protected":false},"author":2,"featured_media":5758,"parent":0,"template":"","meta":{"_acf_changed":false,"site-sidebar-layout":"default","site-content-layout":"","ast-site-content-layout":"default","site-content-style":"default","site-sidebar-style":"default","ast-global-header-display":"","ast-banner-title-visibility":"","ast-main-header-display":"","ast-hfb-above-header-display":"","ast-hfb-below-header-display":"","ast-hfb-mobile-header-display":"","site-post-title":"","ast-breadcrumbs-content":"","ast-featured-img":"","footer-sml-layout":"","ast-disable-related-posts":"","theme-transparent-header-meta":"default","adv-header-id-meta":"","stick-header-meta":"default","header-above-stick-meta":"","header-main-stick-meta":"","header-below-stick-meta":"","astra-migrate-meta-layouts":"set","ast-page-background-enabled":"default","ast-page-background-meta":{"desktop":{"background-color":"var(--ast-global-color-4)","background-image":"","background-repeat":"repeat","background-position":"center center","background-size":"auto","background-attachment":"scroll","background-type":"","background-media":"","overlay-type":"","overlay-color":"","overlay-opacity":"","overlay-gradient":""},"tablet":{"background-color":"","background-image":"","background-repeat":"repeat","background-position":"center center","background-size":"auto","background-attachment":"scroll","background-type":"","background-media":"","overlay-type":"","overlay-color":"","overlay-opacity":"","overlay-gradient":""},"mobile":{"background-color":"","background-image":"","background-repeat":"repeat","background-position":"center center","background-size":"auto","background-attachment":"scroll","background-type":"","background-media":"","overlay-type":"","overlay-color":"","overlay-opacity":"","overlay-gradient":""}},"ast-content-background-meta":{"desktop":{"background-color":"var(--ast-global-color-5)","background-image":"","background-repeat":"repeat","background-position":"center center","background-size":"auto","background-attachment":"scroll","background-type":"","background-media":"","overlay-type":"","overlay-color":"","overlay-opacity":"","overlay-gradient":""},"tablet":{"background-color":"var(--ast-global-color-5)","background-image":"","background-repeat":"repeat","background-position":"center center","background-size":"auto","background-attachment":"scroll","background-type":"","background-media":"","overlay-type":"","overlay-color":"","overlay-opacity":"","overlay-gradient":""},"mobile":{"background-color":"var(--ast-global-color-5)","background-image":"","background-repeat":"repeat","background-position":"center center","background-size":"auto","background-attachment":"scroll","background-type":"","background-media":"","overlay-type":"","overlay-color":"","overlay-opacity":"","overlay-gradient":""}}},"product-application":[326,327],"class_list":["post-5442","product","type-product","status-publish","has-post-thumbnail","hentry","product-application-commercial-ev-carports","product-application-fleet-parking-shelters"],"acf":{"product_gallery":[5745,5746,5743,5744],"product_model_no":"CP-A51S","feature_a":"20% Natural Translucency","feature_b":"99% UV Rejection","feature_c":"Energy Efficient","feature_d":"Seismic Safety","clear_span":"6 \u2013 10 meters","design_wind_speed":"30 \u2013 65 m\/s(Project location based)","membrane_material_type":"PVDF-coated PVC \/ PTFE (650\u20131350 g\/m\u00b2)","surface_treatment":"Painting \u2265 160 \u03bcm\/Hot-dip galvanized(Optional)","fire_performance":"B1 \/ B-s1,d0 (PTFE A2)","design_service_life":"Steel \u2265 20 years\/ Membrane 15\u201325 years","product_drawing":"","3d_model_link":"<div class=\"sketchfab-embed-wrapper\"> <iframe title=\"CP-A51S Single-Column Arched Membrane Carport\" frameborder=\"0\" allowfullscreen mozallowfullscreen=\"true\" webkitallowfullscreen=\"true\" allow=\"autoplay; fullscreen; xr-spatial-tracking\" xr-spatial-tracking execution-while-out-of-viewport execution-while-not-rendered web-share width=\"960\" height=\"540\" src=\"https:\/\/sketchfab.com\/models\/75ff4347f38c41c8a8cdc310ba2ddca9\/embed?autostart=1\"> <\/iframe> <\/div>","product_detail":""},"_links":{"self":[{"href":"https:\/\/www.jutent.com\/fr\/wp-json\/wp\/v2\/product\/5442","targetHints":{"allow":["GET"]}}],"collection":[{"href":"https:\/\/www.jutent.com\/fr\/wp-json\/wp\/v2\/product"}],"about":[{"href":"https:\/\/www.jutent.com\/fr\/wp-json\/wp\/v2\/types\/product"}],"author":[{"embeddable":true,"href":"https:\/\/www.jutent.com\/fr\/wp-json\/wp\/v2\/users\/2"}],"version-history":[{"count":0,"href":"https:\/\/www.jutent.com\/fr\/wp-json\/wp\/v2\/product\/5442\/revisions"}],"acf:attachment":[{"embeddable":true,"href":"https:\/\/www.jutent.com\/fr\/wp-json\/wp\/v2\/media\/5744"},{"embeddable":true,"href":"https:\/\/www.jutent.com\/fr\/wp-json\/wp\/v2\/media\/5743"},{"embeddable":true,"href":"https:\/\/www.jutent.com\/fr\/wp-json\/wp\/v2\/media\/5746"},{"embeddable":true,"href":"https:\/\/www.jutent.com\/fr\/wp-json\/wp\/v2\/media\/5745"}],"wp:featuredmedia":[{"embeddable":true,"href":"https:\/\/www.jutent.com\/fr\/wp-json\/wp\/v2\/media\/5758"}],"wp:attachment":[{"href":"https:\/\/www.jutent.com\/fr\/wp-json\/wp\/v2\/media?parent=5442"}],"wp:term":[{"taxonomy":"product-application","embeddable":true,"href":"https:\/\/www.jutent.com\/fr\/wp-json\/wp\/v2\/product-application?post=5442"}],"curies":[{"name":"wp","href":"https:\/\/api.w.org\/{rel}","templated":true}]}}