{"id":5914,"date":"2022-12-17T00:00:00","date_gmt":"2022-12-16T16:00:00","guid":{"rendered":"https:\/\/www.jutent.com\/?post_type=product&#038;p=5914"},"modified":"2026-04-28T14:03:09","modified_gmt":"2026-04-28T06:03:09","slug":"toit-de-scene-a-membrane-tendue-en-forme-de-coque","status":"publish","type":"product","link":"https:\/\/www.jutent.com\/fr\/product\/civic\/stage-covers\/shell-shaped-tensile-membrane-stage-roof\/","title":{"rendered":"Toit de sc\u00e8ne en forme de coquille en tensile membrane"},"excerpt":{"rendered":"<p>Toit de sc\u00e8ne \u00e0 membrane tendue en forme de coque, alliant design \u00e9l\u00e9gant et fonctionnalit\u00e9. Durable, r\u00e9sistant aux intemp\u00e9ries et enti\u00e8rement personnalisable en taille pour r\u00e9pondre \u00e0 divers besoins d'\u00e9v\u00e9nements et de performances en ext\u00e9rieur.<\/p>","protected":false},"author":2,"featured_media":5924,"parent":0,"template":"","meta":{"_acf_changed":false,"site-sidebar-layout":"default","site-content-layout":"","ast-site-content-layout":"default","site-content-style":"default","site-sidebar-style":"default","ast-global-header-display":"","ast-banner-title-visibility":"","ast-main-header-display":"","ast-hfb-above-header-display":"","ast-hfb-below-header-display":"","ast-hfb-mobile-header-display":"","site-post-title":"","ast-breadcrumbs-content":"","ast-featured-img":"","footer-sml-layout":"","ast-disable-related-posts":"","theme-transparent-header-meta":"default","adv-header-id-meta":"","stick-header-meta":"default","header-above-stick-meta":"","header-main-stick-meta":"","header-below-stick-meta":"","astra-migrate-meta-layouts":"set","ast-page-background-enabled":"default","ast-page-background-meta":{"desktop":{"background-color":"var(--ast-global-color-4)","background-image":"","background-repeat":"repeat","background-position":"center center","background-size":"auto","background-attachment":"scroll","background-type":"","background-media":"","overlay-type":"","overlay-color":"","overlay-opacity":"","overlay-gradient":""},"tablet":{"background-color":"","background-image":"","background-repeat":"repeat","background-position":"center center","background-size":"auto","background-attachment":"scroll","background-type":"","background-media":"","overlay-type":"","overlay-color":"","overlay-opacity":"","overlay-gradient":""},"mobile":{"background-color":"","background-image":"","background-repeat":"repeat","background-position":"center center","background-size":"auto","background-attachment":"scroll","background-type":"","background-media":"","overlay-type":"","overlay-color":"","overlay-opacity":"","overlay-gradient":""}},"ast-content-background-meta":{"desktop":{"background-color":"var(--ast-global-color-5)","background-image":"","background-repeat":"repeat","background-position":"center center","background-size":"auto","background-attachment":"scroll","background-type":"","background-media":"","overlay-type":"","overlay-color":"","overlay-opacity":"","overlay-gradient":""},"tablet":{"background-color":"var(--ast-global-color-5)","background-image":"","background-repeat":"repeat","background-position":"center center","background-size":"auto","background-attachment":"scroll","background-type":"","background-media":"","overlay-type":"","overlay-color":"","overlay-opacity":"","overlay-gradient":""},"mobile":{"background-color":"var(--ast-global-color-5)","background-image":"","background-repeat":"repeat","background-position":"center center","background-size":"auto","background-attachment":"scroll","background-type":"","background-media":"","overlay-type":"","overlay-color":"","overlay-opacity":"","overlay-gradient":""}}},"product-application":[322],"class_list":["post-5914","product","type-product","status-publish","has-post-thumbnail","hentry","product-application-stage-covers"],"acf":{"product_gallery":[5919,5920,5922,5916],"product_model_no":"ST-2030","feature_a":"Ultra-Large Span","feature_b":"20% Natural Translucency","feature_c":"99% UV Rejection","feature_d":"Class A\/B1 Fire Rating","clear_span":"12 \u2013 30 meters","design_wind_speed":"30 \u2013 65 m\/s(Project location based)","membrane_material_type":"PVDF-coated PVC \/ PTFE (650\u20131350 g\/m\u00b2)","surface_treatment":"Painting \u2265 160 \u03bcm\/Hot-dip galvanized(Optional)","fire_performance":"B1 \/ B-s1,d0 (PTFE A2)","design_service_life":"Steel \u2265 20 years\/ Membrane 15\u201325 years","product_drawing":"","3d_model_link":"<div class=\"sketchfab-embed-wrapper\"> <iframe title=\"ST-2030 Shell-Shaped Tensile Membrane Stage Roof\" frameborder=\"0\" allowfullscreen mozallowfullscreen=\"true\" webkitallowfullscreen=\"true\" allow=\"autoplay; fullscreen; xr-spatial-tracking\" xr-spatial-tracking execution-while-out-of-viewport execution-while-not-rendered web-share width=\"960\" height=\"540\" src=\"https:\/\/sketchfab.com\/models\/1b33145e2cfa407e93be20a2672d9fb5\/embed?autostart=1\"> <\/iframe> <\/div>","product_detail":""},"_links":{"self":[{"href":"https:\/\/www.jutent.com\/fr\/wp-json\/wp\/v2\/product\/5914","targetHints":{"allow":["GET"]}}],"collection":[{"href":"https:\/\/www.jutent.com\/fr\/wp-json\/wp\/v2\/product"}],"about":[{"href":"https:\/\/www.jutent.com\/fr\/wp-json\/wp\/v2\/types\/product"}],"author":[{"embeddable":true,"href":"https:\/\/www.jutent.com\/fr\/wp-json\/wp\/v2\/users\/2"}],"version-history":[{"count":0,"href":"https:\/\/www.jutent.com\/fr\/wp-json\/wp\/v2\/product\/5914\/revisions"}],"acf:attachment":[{"embeddable":true,"href":"https:\/\/www.jutent.com\/fr\/wp-json\/wp\/v2\/media\/5916"},{"embeddable":true,"href":"https:\/\/www.jutent.com\/fr\/wp-json\/wp\/v2\/media\/5922"},{"embeddable":true,"href":"https:\/\/www.jutent.com\/fr\/wp-json\/wp\/v2\/media\/5920"},{"embeddable":true,"href":"https:\/\/www.jutent.com\/fr\/wp-json\/wp\/v2\/media\/5919"}],"wp:featuredmedia":[{"embeddable":true,"href":"https:\/\/www.jutent.com\/fr\/wp-json\/wp\/v2\/media\/5924"}],"wp:attachment":[{"href":"https:\/\/www.jutent.com\/fr\/wp-json\/wp\/v2\/media?parent=5914"}],"wp:term":[{"taxonomy":"product-application","embeddable":true,"href":"https:\/\/www.jutent.com\/fr\/wp-json\/wp\/v2\/product-application?post=5914"}],"curies":[{"name":"wp","href":"https:\/\/api.w.org\/{rel}","templated":true}]}}