{"id":6160,"date":"2024-08-12T00:00:00","date_gmt":"2024-08-11T16:00:00","guid":{"rendered":"https:\/\/www.jutent.com\/?post_type=product&#038;p=6160"},"modified":"2026-04-28T14:03:17","modified_gmt":"2026-04-28T06:03:17","slug":"toit-de-scene-en-membrane-tendue-en-forme-de-vague","status":"publish","type":"product","link":"https:\/\/www.jutent.com\/fr\/product\/civic\/stage-covers\/wave-shaped-tensile-membrane-stage-roof\/","title":{"rendered":"Toit de sc\u00e8ne en forme de vague en tensile membrane"},"excerpt":{"rendered":"<p>Auvent en membrane tendue en forme de vague au design \u00e9l\u00e9gant et moderne, id\u00e9al pour les sc\u00e8nes et les espaces ext\u00e9rieurs d'\u00e9v\u00e9nements. La structure offre des dimensions personnalisables, une protection durable contre les intemp\u00e9ries et un aspect architectural attrayant pour les spectacles et les rassemblements.<\/p>","protected":false},"author":2,"featured_media":7575,"parent":0,"template":"","meta":{"_acf_changed":false,"site-sidebar-layout":"default","site-content-layout":"","ast-site-content-layout":"default","site-content-style":"default","site-sidebar-style":"default","ast-global-header-display":"","ast-banner-title-visibility":"","ast-main-header-display":"","ast-hfb-above-header-display":"","ast-hfb-below-header-display":"","ast-hfb-mobile-header-display":"","site-post-title":"","ast-breadcrumbs-content":"","ast-featured-img":"","footer-sml-layout":"","ast-disable-related-posts":"","theme-transparent-header-meta":"default","adv-header-id-meta":"","stick-header-meta":"default","header-above-stick-meta":"","header-main-stick-meta":"","header-below-stick-meta":"","astra-migrate-meta-layouts":"set","ast-page-background-enabled":"default","ast-page-background-meta":{"desktop":{"background-color":"var(--ast-global-color-4)","background-image":"","background-repeat":"repeat","background-position":"center center","background-size":"auto","background-attachment":"scroll","background-type":"","background-media":"","overlay-type":"","overlay-color":"","overlay-opacity":"","overlay-gradient":""},"tablet":{"background-color":"","background-image":"","background-repeat":"repeat","background-position":"center center","background-size":"auto","background-attachment":"scroll","background-type":"","background-media":"","overlay-type":"","overlay-color":"","overlay-opacity":"","overlay-gradient":""},"mobile":{"background-color":"","background-image":"","background-repeat":"repeat","background-position":"center center","background-size":"auto","background-attachment":"scroll","background-type":"","background-media":"","overlay-type":"","overlay-color":"","overlay-opacity":"","overlay-gradient":""}},"ast-content-background-meta":{"desktop":{"background-color":"var(--ast-global-color-5)","background-image":"","background-repeat":"repeat","background-position":"center center","background-size":"auto","background-attachment":"scroll","background-type":"","background-media":"","overlay-type":"","overlay-color":"","overlay-opacity":"","overlay-gradient":""},"tablet":{"background-color":"var(--ast-global-color-5)","background-image":"","background-repeat":"repeat","background-position":"center center","background-size":"auto","background-attachment":"scroll","background-type":"","background-media":"","overlay-type":"","overlay-color":"","overlay-opacity":"","overlay-gradient":""},"mobile":{"background-color":"var(--ast-global-color-5)","background-image":"","background-repeat":"repeat","background-position":"center center","background-size":"auto","background-attachment":"scroll","background-type":"","background-media":"","overlay-type":"","overlay-color":"","overlay-opacity":"","overlay-gradient":""}}},"product-application":[322],"class_list":["post-6160","product","type-product","status-publish","has-post-thumbnail","hentry","product-application-stage-covers"],"acf":{"product_gallery":[6164,6163,6162,6165],"product_model_no":"ST-BL01","feature_a":"1\/10th Structural Weight","feature_b":"20% Natural Translucency","feature_c":"Class A\/B1 Fire Rating","feature_d":"High Durability","clear_span":"6 - 18 meters","design_wind_speed":"30 \u2013 65 m\/s(Project location based)","membrane_material_type":"PVDF-coated PVC \/ PTFE (650\u20131350 g\/m\u00b2)","surface_treatment":"Painting \u2265 160 \u03bcm\/Hot-dip galvanized(Optional)","fire_performance":"B1 \/ B-s1,d0 (PTFE A2)","design_service_life":"Steel \u2265 20 years\/ Membrane 15\u201325 years","product_drawing":"","3d_model_link":"<div class=\"sketchfab-embed-wrapper\"> <iframe title=\"ST-BL01 Wave-Shaped Tensile Membrane Stage Roof\" frameborder=\"0\" allowfullscreen mozallowfullscreen=\"true\" webkitallowfullscreen=\"true\" allow=\"autoplay; fullscreen; xr-spatial-tracking\" xr-spatial-tracking execution-while-out-of-viewport execution-while-not-rendered web-share width=\"960\" height=\"540\" src=\"https:\/\/sketchfab.com\/models\/751f505a9c1d44c7ac8f0a60b7e08a69\/embed?autostart=1\"> <\/iframe> <\/div>","product_detail":""},"_links":{"self":[{"href":"https:\/\/www.jutent.com\/fr\/wp-json\/wp\/v2\/product\/6160","targetHints":{"allow":["GET"]}}],"collection":[{"href":"https:\/\/www.jutent.com\/fr\/wp-json\/wp\/v2\/product"}],"about":[{"href":"https:\/\/www.jutent.com\/fr\/wp-json\/wp\/v2\/types\/product"}],"author":[{"embeddable":true,"href":"https:\/\/www.jutent.com\/fr\/wp-json\/wp\/v2\/users\/2"}],"version-history":[{"count":0,"href":"https:\/\/www.jutent.com\/fr\/wp-json\/wp\/v2\/product\/6160\/revisions"}],"acf:attachment":[{"embeddable":true,"href":"https:\/\/www.jutent.com\/fr\/wp-json\/wp\/v2\/media\/6165"},{"embeddable":true,"href":"https:\/\/www.jutent.com\/fr\/wp-json\/wp\/v2\/media\/6162"},{"embeddable":true,"href":"https:\/\/www.jutent.com\/fr\/wp-json\/wp\/v2\/media\/6163"},{"embeddable":true,"href":"https:\/\/www.jutent.com\/fr\/wp-json\/wp\/v2\/media\/6164"}],"wp:featuredmedia":[{"embeddable":true,"href":"https:\/\/www.jutent.com\/fr\/wp-json\/wp\/v2\/media\/7575"}],"wp:attachment":[{"href":"https:\/\/www.jutent.com\/fr\/wp-json\/wp\/v2\/media?parent=6160"}],"wp:term":[{"taxonomy":"product-application","embeddable":true,"href":"https:\/\/www.jutent.com\/fr\/wp-json\/wp\/v2\/product-application?post=6160"}],"curies":[{"name":"wp","href":"https:\/\/api.w.org\/{rel}","templated":true}]}}