{"id":5244,"date":"2020-09-08T00:00:00","date_gmt":"2020-09-07T16:00:00","guid":{"rendered":"https:\/\/www.jutent.com\/?post_type=product&#038;p=5244"},"modified":"2026-04-28T14:02:54","modified_gmt":"2026-04-28T06:02:54","slug":"cobertura-de-membrana-tensionada-para-quadra-de-tenis-curva-padrao","status":"publish","type":"product","link":"https:\/\/www.jutent.com\/pt\/product\/sports\/sports-court-canopies\/standard-curved-tennis-court-tensile-membrane-canopy\/","title":{"rendered":"Cobertura de Membrana Tensionada para Quadra de T\u00eanis Curva Padr\u00e3o"},"excerpt":{"rendered":"<p>Cobertura de membrana para quadra de t\u00eanis com telhado curvo tensionado, estrutura de a\u00e7o robusta, est\u00e9tica arquitet\u00f4nica moderna e personaliz\u00e1vel para locais esportivos internos ou externos.<\/p>","protected":false},"author":3,"featured_media":5765,"parent":0,"template":"","meta":{"_acf_changed":false,"site-sidebar-layout":"default","site-content-layout":"","ast-site-content-layout":"default","site-content-style":"default","site-sidebar-style":"default","ast-global-header-display":"","ast-banner-title-visibility":"","ast-main-header-display":"","ast-hfb-above-header-display":"","ast-hfb-below-header-display":"","ast-hfb-mobile-header-display":"","site-post-title":"","ast-breadcrumbs-content":"","ast-featured-img":"","footer-sml-layout":"","ast-disable-related-posts":"","theme-transparent-header-meta":"default","adv-header-id-meta":"","stick-header-meta":"default","header-above-stick-meta":"","header-main-stick-meta":"","header-below-stick-meta":"","astra-migrate-meta-layouts":"set","ast-page-background-enabled":"default","ast-page-background-meta":{"desktop":{"background-color":"var(--ast-global-color-4)","background-image":"","background-repeat":"repeat","background-position":"center center","background-size":"auto","background-attachment":"scroll","background-type":"","background-media":"","overlay-type":"","overlay-color":"","overlay-opacity":"","overlay-gradient":""},"tablet":{"background-color":"","background-image":"","background-repeat":"repeat","background-position":"center center","background-size":"auto","background-attachment":"scroll","background-type":"","background-media":"","overlay-type":"","overlay-color":"","overlay-opacity":"","overlay-gradient":""},"mobile":{"background-color":"","background-image":"","background-repeat":"repeat","background-position":"center center","background-size":"auto","background-attachment":"scroll","background-type":"","background-media":"","overlay-type":"","overlay-color":"","overlay-opacity":"","overlay-gradient":""}},"ast-content-background-meta":{"desktop":{"background-color":"var(--ast-global-color-5)","background-image":"","background-repeat":"repeat","background-position":"center center","background-size":"auto","background-attachment":"scroll","background-type":"","background-media":"","overlay-type":"","overlay-color":"","overlay-opacity":"","overlay-gradient":""},"tablet":{"background-color":"var(--ast-global-color-5)","background-image":"","background-repeat":"repeat","background-position":"center center","background-size":"auto","background-attachment":"scroll","background-type":"","background-media":"","overlay-type":"","overlay-color":"","overlay-opacity":"","overlay-gradient":""},"mobile":{"background-color":"var(--ast-global-color-5)","background-image":"","background-repeat":"repeat","background-position":"center center","background-size":"auto","background-attachment":"scroll","background-type":"","background-media":"","overlay-type":"","overlay-color":"","overlay-opacity":"","overlay-gradient":""}}},"product-application":[314],"class_list":["post-5244","product","type-product","status-publish","has-post-thumbnail","hentry","product-application-sports-court-canopies"],"acf":{"product_gallery":[5763,5764,5761,5762],"product_model_no":"TC-P42S","feature_a":"Ultra-Large Span","feature_b":"Roof Self-Cleaning","feature_c":"99% UV Rejection","feature_d":"Faster Installation","clear_span":"17 \u2013 40 meters","design_wind_speed":"30 \u2013 65 m\/s(Project location based)","membrane_material_type":"PVDF-coated PVC \/ PTFE (650\u20131350 g\/m\u00b2)","surface_treatment":"Painting \u2265 160 \u03bcm\/Hot-dip galvanized(Optional)","fire_performance":"B1 \/ B-s1,d0 (PTFE A2)","design_service_life":"Steel \u2265 20 years\/ Membrane 15\u201325 years","product_drawing":"","3d_model_link":"<div class=\"sketchfab-embed-wrapper\"> <iframe title=\"TC-P42S\" frameborder=\"0\" allowfullscreen mozallowfullscreen=\"true\" webkitallowfullscreen=\"true\" allow=\"autoplay; fullscreen; xr-spatial-tracking\" xr-spatial-tracking execution-while-out-of-viewport execution-while-not-rendered web-share width=\"960\" height=\"540\" src=\"https:\/\/sketchfab.com\/models\/603c2f1f9d144f31832d1112a051bc54\/embed?autostart=1\"> <\/iframe> <\/div>","product_detail":""},"_links":{"self":[{"href":"https:\/\/www.jutent.com\/pt\/wp-json\/wp\/v2\/product\/5244","targetHints":{"allow":["GET"]}}],"collection":[{"href":"https:\/\/www.jutent.com\/pt\/wp-json\/wp\/v2\/product"}],"about":[{"href":"https:\/\/www.jutent.com\/pt\/wp-json\/wp\/v2\/types\/product"}],"author":[{"embeddable":true,"href":"https:\/\/www.jutent.com\/pt\/wp-json\/wp\/v2\/users\/3"}],"version-history":[{"count":0,"href":"https:\/\/www.jutent.com\/pt\/wp-json\/wp\/v2\/product\/5244\/revisions"}],"acf:attachment":[{"embeddable":true,"href":"https:\/\/www.jutent.com\/pt\/wp-json\/wp\/v2\/media\/5762"},{"embeddable":true,"href":"https:\/\/www.jutent.com\/pt\/wp-json\/wp\/v2\/media\/5761"},{"embeddable":true,"href":"https:\/\/www.jutent.com\/pt\/wp-json\/wp\/v2\/media\/5764"},{"embeddable":true,"href":"https:\/\/www.jutent.com\/pt\/wp-json\/wp\/v2\/media\/5763"}],"wp:featuredmedia":[{"embeddable":true,"href":"https:\/\/www.jutent.com\/pt\/wp-json\/wp\/v2\/media\/5765"}],"wp:attachment":[{"href":"https:\/\/www.jutent.com\/pt\/wp-json\/wp\/v2\/media?parent=5244"}],"wp:term":[{"taxonomy":"product-application","embeddable":true,"href":"https:\/\/www.jutent.com\/pt\/wp-json\/wp\/v2\/product-application?post=5244"}],"curies":[{"name":"wp","href":"https:\/\/api.w.org\/{rel}","templated":true}]}}