{"id":6088,"date":"2023-10-10T00:00:00","date_gmt":"2023-10-09T16:00:00","guid":{"rendered":"https:\/\/www.jutent.com\/?post_type=product&#038;p=6088"},"modified":"2026-04-28T14:03:16","modified_gmt":"2026-04-28T06:03:16","slug":"cobertura-de-membrana-tensionada-para-paisagismo-de-lazer","status":"publish","type":"product","link":"https:\/\/www.jutent.com\/pt\/product\/civic\/park-landscape-structures\/leisure-landscape-tensile-membrane-shade-canopy\/","title":{"rendered":"Cobertura de membrana tensionada para paisagismo de lazer"},"excerpt":{"rendered":"<p>Cobertura de membrana tensionada para paisagismo de lazer projetada para parques, pra\u00e7as e \u00e1reas de recrea\u00e7\u00e3o ao ar livre. Esta estrutura de membrana tensionada oferece prote\u00e7\u00e3o solar dur\u00e1vel, est\u00e9tica moderna e designs personaliz\u00e1veis para uma ampla gama de aplica\u00e7\u00f5es de sombreamento paisag\u00edstico.<\/p>","protected":false},"author":2,"featured_media":6153,"parent":0,"template":"","meta":{"_acf_changed":false,"site-sidebar-layout":"default","site-content-layout":"","ast-site-content-layout":"default","site-content-style":"default","site-sidebar-style":"default","ast-global-header-display":"","ast-banner-title-visibility":"","ast-main-header-display":"","ast-hfb-above-header-display":"","ast-hfb-below-header-display":"","ast-hfb-mobile-header-display":"","site-post-title":"","ast-breadcrumbs-content":"","ast-featured-img":"","footer-sml-layout":"","ast-disable-related-posts":"","theme-transparent-header-meta":"default","adv-header-id-meta":"","stick-header-meta":"default","header-above-stick-meta":"","header-main-stick-meta":"","header-below-stick-meta":"","astra-migrate-meta-layouts":"set","ast-page-background-enabled":"default","ast-page-background-meta":{"desktop":{"background-color":"var(--ast-global-color-4)","background-image":"","background-repeat":"repeat","background-position":"center center","background-size":"auto","background-attachment":"scroll","background-type":"","background-media":"","overlay-type":"","overlay-color":"","overlay-opacity":"","overlay-gradient":""},"tablet":{"background-color":"","background-image":"","background-repeat":"repeat","background-position":"center center","background-size":"auto","background-attachment":"scroll","background-type":"","background-media":"","overlay-type":"","overlay-color":"","overlay-opacity":"","overlay-gradient":""},"mobile":{"background-color":"","background-image":"","background-repeat":"repeat","background-position":"center center","background-size":"auto","background-attachment":"scroll","background-type":"","background-media":"","overlay-type":"","overlay-color":"","overlay-opacity":"","overlay-gradient":""}},"ast-content-background-meta":{"desktop":{"background-color":"var(--ast-global-color-5)","background-image":"","background-repeat":"repeat","background-position":"center center","background-size":"auto","background-attachment":"scroll","background-type":"","background-media":"","overlay-type":"","overlay-color":"","overlay-opacity":"","overlay-gradient":""},"tablet":{"background-color":"var(--ast-global-color-5)","background-image":"","background-repeat":"repeat","background-position":"center center","background-size":"auto","background-attachment":"scroll","background-type":"","background-media":"","overlay-type":"","overlay-color":"","overlay-opacity":"","overlay-gradient":""},"mobile":{"background-color":"var(--ast-global-color-5)","background-image":"","background-repeat":"repeat","background-position":"center center","background-size":"auto","background-attachment":"scroll","background-type":"","background-media":"","overlay-type":"","overlay-color":"","overlay-opacity":"","overlay-gradient":""}}},"product-application":[165],"class_list":["post-6088","product","type-product","status-publish","has-post-thumbnail","hentry","product-application-park-landscape-structures"],"acf":{"product_gallery":[6152,6151,6148,6149],"product_model_no":"LA-LD05","feature_a":"Cost-Effective","feature_b":"20% Natural Translucency","feature_c":"99% UV Rejection","feature_d":"Seismic Safety","clear_span":"6 - 20 meters","design_wind_speed":"30 \u2013 65 m\/s(Project location based)","membrane_material_type":"PVDF-coated PVC \/ PTFE (650\u20131350 g\/m\u00b2)","surface_treatment":"Painting \u2265 160 \u03bcm\/Hot-dip galvanized(Optional)","fire_performance":"B1 \/ B-s1,d0 (PTFE A2)","design_service_life":"Steel \u2265 20 years\/ Membrane 15\u201325 years","product_drawing":"","3d_model_link":"<div class=\"sketchfab-embed-wrapper\"> <iframe title=\"LA-LD05 Leisure Landscape Shade Canopy\" frameborder=\"0\" allowfullscreen mozallowfullscreen=\"true\" webkitallowfullscreen=\"true\" allow=\"autoplay; fullscreen; xr-spatial-tracking\" xr-spatial-tracking execution-while-out-of-viewport execution-while-not-rendered web-share width=\"960\" height=\"540\" src=\"https:\/\/sketchfab.com\/models\/859bd66381cc46e18ec6e7480f513274\/embed?autostart=1\"> <\/iframe> <\/div>","product_detail":""},"_links":{"self":[{"href":"https:\/\/www.jutent.com\/pt\/wp-json\/wp\/v2\/product\/6088","targetHints":{"allow":["GET"]}}],"collection":[{"href":"https:\/\/www.jutent.com\/pt\/wp-json\/wp\/v2\/product"}],"about":[{"href":"https:\/\/www.jutent.com\/pt\/wp-json\/wp\/v2\/types\/product"}],"author":[{"embeddable":true,"href":"https:\/\/www.jutent.com\/pt\/wp-json\/wp\/v2\/users\/2"}],"version-history":[{"count":0,"href":"https:\/\/www.jutent.com\/pt\/wp-json\/wp\/v2\/product\/6088\/revisions"}],"acf:attachment":[{"embeddable":true,"href":"https:\/\/www.jutent.com\/pt\/wp-json\/wp\/v2\/media\/6149"},{"embeddable":true,"href":"https:\/\/www.jutent.com\/pt\/wp-json\/wp\/v2\/media\/6148"},{"embeddable":true,"href":"https:\/\/www.jutent.com\/pt\/wp-json\/wp\/v2\/media\/6151"},{"embeddable":true,"href":"https:\/\/www.jutent.com\/pt\/wp-json\/wp\/v2\/media\/6152"}],"wp:featuredmedia":[{"embeddable":true,"href":"https:\/\/www.jutent.com\/pt\/wp-json\/wp\/v2\/media\/6153"}],"wp:attachment":[{"href":"https:\/\/www.jutent.com\/pt\/wp-json\/wp\/v2\/media?parent=6088"}],"wp:term":[{"taxonomy":"product-application","embeddable":true,"href":"https:\/\/www.jutent.com\/pt\/wp-json\/wp\/v2\/product-application?post=6088"}],"curies":[{"name":"wp","href":"https:\/\/api.w.org\/{rel}","templated":true}]}}