{"id":7789,"date":"2019-11-15T08:00:00","date_gmt":"2019-11-15T00:00:00","guid":{"rendered":"https:\/\/www.jutent.com\/?page_id=7789"},"modified":"2026-04-28T13:50:36","modified_gmt":"2026-04-28T05:50:36","slug":"chinh-sach-bao-mat","status":"publish","type":"page","link":"https:\/\/www.jutent.com\/vi\/privacy-policy\/","title":{"rendered":"ch\u00ednh s\u00e1ch b\u1ea3o m\u1eadt"},"content":{"rendered":"<div data-elementor-type=\"wp-page\" data-elementor-id=\"7789\" class=\"elementor elementor-7789\" data-elementor-post-type=\"page\">\n\t\t\t\t<div class=\"elementor-element elementor-element-c8e2983 e-con-full e-flex e-con e-parent\" data-id=\"c8e2983\" data-element_type=\"container\" data-e-type=\"container\">\n\t\t\t\t<div class=\"elementor-element elementor-element-b5ab0a2 elementor-widget elementor-widget-html\" data-id=\"b5ab0a2\" data-element_type=\"widget\" data-e-type=\"widget\" data-widget_type=\"html.default\">\n\t\t\t\t\t<head>\r\n    <style>\r\n        :root {\r\n            --brand: #0BABF6;\r\n            --navy: #001A33;\r\n            --text-main: #334155;\r\n            --text-light: #64748b;\r\n            --bg-light: #F8FAFC;\r\n            --white: #FFFFFF;\r\n            --border: #E2E8F0;\r\n            --font-family: 'Segoe UI', Roboto, Helvetica, Arial, sans-serif;\r\n        }\r\n\r\n        * { box-sizing: border-box; margin: 0; padding: 0; }\r\n\r\n        body {\r\n            font-family: var(--font-family);\r\n            line-height: 1.7;\r\n            color: var(--text-main);\r\n            background-color: var(--white);\r\n            -webkit-font-smoothing: antialiased;\r\n        }\r\n\r\n        .container { max-width: 900px; margin: 0 auto; padding: 0 24px; }\r\n\r\n        \/* --- HERO SECTION --- *\/\r\n        .hero {\r\n            background: linear-gradient(135deg, var(--navy) 0%, #002d59 100%);\r\n            padding: 100px 0 60px 0;\r\n            text-align: center;\r\n            color: var(--white);\r\n        }\r\n\r\n        .hero h1 {\r\n            font-size: clamp(2.2rem, 5vw, 3.5rem);\r\n            margin-bottom: 20px;\r\n            font-weight: 800;\r\n            letter-spacing: -1px;\r\n            color: var(--white)\r\n        }\r\n\r\n        .hero p {\r\n            font-size: 1.1rem;\r\n            opacity: 0.85;\r\n            max-width: 650px;\r\n            margin: 0 auto;\r\n            font-weight: 300;\r\n        }\r\n\r\n        .last-updated {\r\n            display: inline-block;\r\n            margin-top: 20px;\r\n            font-size: 0.85rem;\r\n            text-transform: uppercase;\r\n            letter-spacing: 1px;\r\n            background: rgba(255, 255, 255, 0.1);\r\n            padding: 4px 12px;\r\n            border-radius: 4px;\r\n        }\r\n\r\n        \/* --- PRIVACY CONTENT --- *\/\r\n        .policy-wrapper { padding: 80px 0; }\r\n\r\n        .intro-text {\r\n            font-size: 1.15rem;\r\n            color: var(--navy);\r\n            margin-bottom: 60px;\r\n            line-height: 1.8;\r\n            padding: 30px;\r\n            background: var(--bg-light);\r\n            border-radius: 16px;\r\n            border-left: 4px solid var(--brand);\r\n        }\r\n\r\n        .policy-block {\r\n            margin-bottom: 60px;\r\n            position: relative;\r\n        }\r\n\r\n        .policy-block::before {\r\n            content: \"\";\r\n            position: absolute;\r\n            left: -30px;\r\n            top: 0;\r\n            bottom: 0;\r\n            width: 3px;\r\n            background: var(--bg-light);\r\n            border-radius: 3px;\r\n        }\r\n\r\n        .policy-block:hover::before {\r\n            background: var(--brand);\r\n            transition: background 0.3s ease;\r\n        }\r\n\r\n        .policy-block h2 {\r\n            font-size: 1.75rem;\r\n            color: var(--navy);\r\n            margin-bottom: 20px;\r\n            font-weight: 700;\r\n            display: flex;\r\n            align-items: center;\r\n        }\r\n\r\n        .policy-block h2 span {\r\n            color: var(--brand);\r\n            margin-right: 15px;\r\n            font-family: monospace;\r\n            font-size: 1.2rem;\r\n            background: var(--bg-light);\r\n            padding: 4px 12px;\r\n            border-radius: 6px;\r\n        }\r\n\r\n        .policy-content {\r\n            font-size: 1.05rem;\r\n            color: var(--text-main);\r\n        }\r\n\r\n        .policy-content h3 {\r\n            font-size: 1.15rem;\r\n            color: var(--navy);\r\n            margin: 25px 0 10px 0;\r\n            font-weight: 700;\r\n        }\r\n\r\n        .policy-content p { margin-bottom: 18px; }\r\n\r\n        .policy-content ul {\r\n            margin-bottom: 25px;\r\n            list-style: none;\r\n        }\r\n\r\n        .policy-content li {\r\n            padding-left: 28px;\r\n            margin-bottom: 12px;\r\n            position: relative;\r\n        }\r\n\r\n        .policy-content li::before {\r\n            content: \"\u2713\";\r\n            color: var(--brand);\r\n            position: absolute;\r\n            left: 0;\r\n            font-weight: bold;\r\n        }\r\n\r\n        \/* --- CONTACT CARD --- *\/\r\n        .contact-card {\r\n            background: var(--bg-light);\r\n            padding: 40px;\r\n            border-radius: 20px;\r\n            border: 1px solid var(--border);\r\n            margin-top: 40px;\r\n        }\r\n\r\n        .contact-card h3 { color: var(--navy); margin-bottom: 20px; }\r\n        .contact-info-grid {\r\n            display: grid;\r\n            grid-template-columns: repeat(auto-fit, minmax(200px, 1fr));\r\n            gap: 20px;\r\n        }\r\n\r\n        .info-item strong { display: block; color: var(--navy); font-size: 0.9rem; margin-bottom: 5px; }\r\n        .info-item p { font-size: 1rem; color: var(--text-main); }\r\n\r\n\r\n\r\n        @media (max-width: 768px) {\r\n            .policy-block::before { display: none; }\r\n            .hero { padding: 80px 0 40px 0; }\r\n            .intro-text { padding: 20px; font-size: 1rem; }\r\n            .contact-card { padding: 25px; }\r\n        }\r\n    <\/style>\r\n<\/head>\r\n<body>\r\n\r\n    <header class=\"hero\">\r\n        <div class=\"container\">\r\n            <h1>Ch\u00ednh S\u00e1ch B\u1ea3o M\u1eadt<\/h1>\r\n            <p>T\u1ea1i Jutent, ch\u00fang t\u00f4i cam k\u1ebft b\u1ea3o v\u1ec7 quy\u1ec1n ri\u00eang t\u01b0 v\u00e0 b\u1ea3o m\u1eadt th\u00f4ng tin d\u1ef1 \u00e1n c\u0169ng nh\u01b0 d\u1eef li\u1ec7u c\u00e1 nh\u00e2n c\u1ee7a b\u1ea1n.<\/p>\r\n            <span class=\"last-updated\">C\u1eadp nh\u1eadt l\u1ea7n cu\u1ed1i: Th\u00e1ng 10 n\u0103m 2023<\/span>\r\n        <\/div>\r\n    <\/header>\r\n\r\n    <main class=\"policy-wrapper\">\r\n        <div class=\"container\">\r\n\r\n            <div class=\"intro-text\">\r\n                C\u00f4ng ty TNHH Jute Tent Qu\u1ea3ng Ch\u00e2u (\u201cJUTENT\u201d, \u201cch\u00fang t\u00f4i\u201d, \u201cc\u1ee7a ch\u00fang t\u00f4i\u201d ho\u1eb7c \u201cch\u00fang t\u00f4i\u201d) gi\u1ea3i th\u00edch c\u00e1ch ch\u00fang t\u00f4i thu th\u1eadp, s\u1eed d\u1ee5ng, ti\u1ebft l\u1ed9 v\u00e0 b\u1ea3o v\u1ec7 th\u00f4ng tin c\u1ee7a b\u1ea1n khi b\u1ea1n truy c\u1eadp trang web c\u1ee7a ch\u00fang t\u00f4i <strong>www.jutent.com<\/strong> v\u00e0 s\u1eed d\u1ee5ng c\u00e1c d\u1ecbch v\u1ee5 k\u1ef9 thu\u1eadt chuy\u00ean ng\u00e0nh c\u1ee7a ch\u00fang t\u00f4i.\r\n            <\/div>\r\n\r\n            <section class=\"policy-block\">\r\n                <h2><span>01<\/span> Th\u00f4ng Tin Ch\u00fang T\u00f4i Thu Th\u1eadp<\/h2>\r\n                <div class=\"policy-content\">\r\n                    <p>Ch\u00fang t\u00f4i thu th\u1eadp th\u00f4ng tin theo nhi\u1ec1u c\u00e1ch \u0111\u1ec3 cung c\u1ea5p c\u00e1c gi\u1ea3i ph\u00e1p k\u1ef9 thu\u1eadt ch\u00ednh x\u00e1c:<\/p>\r\n                    \r\n                    <h3>D\u1eef Li\u1ec7u C\u00e1 Nh\u00e2n<\/h3>\r\n                    <p>Th\u00f4ng tin nh\u1eadn d\u1ea1ng c\u00e1 nh\u00e2n (t\u00ean, \u0111\u1ecba ch\u1ec9 giao h\u00e0ng, email v\u00e0 s\u1ed1 \u0111i\u1ec7n tho\u1ea1i) m\u00e0 b\u1ea1n t\u1ef1 nguy\u1ec7n cung c\u1ea5p khi:<\/p>\r\n                    <ul>\r\n                        <li>\u0110i\u1ec1n v\u00e0o bi\u1ec3u m\u1eabu y\u00eau c\u1ea7u d\u1ef1 \u00e1n.<\/li>\r\n                        <li>G\u1eedi y\u00eau c\u1ea7u b\u00e1o gi\u00e1 (RFQ).<\/li>\r\n                        <li>Li\u00ean h\u1ec7 v\u1edbi \u0111\u1ed9i ng\u0169 k\u1ef9 thu\u1eadt c\u1ee7a ch\u00fang t\u00f4i qua Email ho\u1eb7c WhatsApp.<\/li>\r\n                    <\/ul>\r\n\r\n                    <h3>D\u1eef Li\u1ec7u D\u1ef1 \u00c1n &amp; K\u1ef9 Thu\u1eadt<\/h3>\r\n                    <p>L\u00e0 m\u1ed9t c\u00f4ng ty s\u1ea3n xu\u1ea5t chuy\u00ean ng\u00e0nh, ch\u00fang t\u00f4i thu th\u1eadp d\u1eef li\u1ec7u li\u00ean quan \u0111\u1ebfn d\u1ef1 \u00e1n c\u1ee5 th\u1ec3:<\/p>\r\n                    <ul>\r\n                        <li>V\u1ecb tr\u00ed l\u1eafp \u0111\u1eb7t c\u00f4ng tr\u00ecnh v\u00e0 \u0111i\u1ec1u ki\u1ec7n t\u1ea3i tr\u1ecdng m\u00f4i tr\u01b0\u1eddng.<\/li>\r\n                        <li>K\u00edch th\u01b0\u1edbc k\u1ef9 thu\u1eadt v\u00e0 s\u1edf th\u00edch v\u1eadt li\u1ec7u (PVC, PVDF, PTFE).<\/li>\r\n                        <li>B\u1ea3n v\u1ebd ki\u1ebfn tr\u00fac ho\u1eb7c \u1ea3nh c\u00f4ng tr\u00ecnh \u0111\u1ec3 \u0111\u01b0a ra gi\u1ea3i ph\u00e1p t\u00f9y ch\u1ec9nh.<\/li>\r\n                    <\/ul>\r\n                <\/div>\r\n            <\/section>\r\n\r\n            <section class=\"policy-block\">\r\n                <h2><span>02<\/span> S\u1eed d\u1ee5ng Th\u00f4ng tin c\u1ee7a Qu\u00fd kh\u00e1ch<\/h2>\r\n                <div class=\"policy-content\">\r\n                    <p>Ch\u00fang t\u00f4i s\u1eed d\u1ee5ng th\u00f4ng tin \u0111\u00e3 thu th\u1eadp \u0111\u1ec3:<\/p>\r\n                    <ul>\r\n                        <li>T\u1ea1o b\u00e1o gi\u00e1 d\u1ef1 \u00e1n ch\u00ednh x\u00e1c v\u00e0 \u0111\u1ec1 xu\u1ea5t k\u1ef9 thu\u1eadt.<\/li>\r\n                        <li>Ph\u1ed1i h\u1ee3p v\u1eadn chuy\u1ec3n qu\u1ed1c t\u1ebf, h\u1eadu c\u1ea7n v\u00e0 h\u01b0\u1edbng d\u1eabn l\u1eafp \u0111\u1eb7t.<\/li>\r\n                        <li>Cung c\u1ea5p h\u1ed7 tr\u1ee3 k\u1ef9 thu\u1eadt li\u00ean t\u1ee5c v\u00e0 t\u01b0 v\u1ea5n b\u1ea3o tr\u00ec.<\/li>\r\n                        <li>G\u1eedi c\u1eadp nh\u1eadt v\u1ec1 c\u1ea3i ti\u1ebfn c\u00f4ng ngh\u1ec7 m\u00e0ng v\u00e0 nghi\u00ean c\u1ee9u \u0111i\u1ec3n h\u00ecnh.<\/li>\r\n                    <\/ul>\r\n                <\/div>\r\n            <\/section>\r\n\r\n            <section class=\"policy-block\">\r\n                <h2><span>03<\/span> Ti\u1ebft l\u1ed9 Th\u00f4ng tin c\u1ee7a Qu\u00fd kh\u00e1ch<\/h2>\r\n                <div class=\"policy-content\">\r\n                    <p>Ch\u00fang t\u00f4i kh\u00f4ng b\u00e1n, trao \u0111\u1ed5i ho\u1eb7c cho thu\u00ea th\u00f4ng tin c\u00e1 nh\u00e2n c\u1ee7a Qu\u00fd kh\u00e1ch. Ch\u00fang t\u00f4i ch\u1ec9 chia s\u1ebb d\u1eef li\u1ec7u trong c\u00e1c t\u00ecnh hu\u1ed1ng chuy\u00ean nghi\u1ec7p h\u1ea1n ch\u1ebf:<\/p>\r\n                    <ul>\r\n                        <li><strong>Nh\u00e0 cung c\u1ea5p d\u1ecbch v\u1ee5:<\/strong> \u0110\u1ed1i t\u00e1c h\u1eadu c\u1ea7n ho\u1eb7c b\u1ed9 x\u1eed l\u00fd thanh to\u00e1n c\u1ea7n thi\u1ebft \u0111\u1ec3 th\u1ef1c hi\u1ec7n d\u1ef1 \u00e1n.<\/li>\r\n                        <li><strong>Y\u00eau c\u1ea7u ph\u00e1p l\u00fd:<\/strong> \u0110\u1ec3 tu\u00e2n th\u1ee7 c\u00e1c quy \u0111\u1ecbnh an to\u00e0n ho\u1eb7c y\u00eau c\u1ea7u ph\u00e1p lu\u1eadt.<\/li>\r\n                    <\/ul>\r\n                <\/div>\r\n            <\/section>\r\n\r\n            <section class=\"policy-block\">\r\n                <h2><span>04<\/span> B\u1ea3o m\u1eadt D\u1eef li\u1ec7u &amp; Cookie<\/h2>\r\n                <div class=\"policy-content\">\r\n                    <p>Ch\u00fang t\u00f4i th\u1ef1c hi\u1ec7n c\u00e1c bi\u1ec7n ph\u00e1p k\u1ef9 thu\u1eadt v\u00e0 h\u00e0nh ch\u00ednh chuy\u00ean nghi\u1ec7p \u0111\u1ec3 b\u1ea3o v\u1ec7 th\u00f4ng tin c\u1ee7a b\u1ea1n. Ch\u00fang t\u00f4i c\u0169ng s\u1eed d\u1ee5ng cookie \u0111\u1ec3 ph\u00e2n t\u00edch l\u01b0u l\u01b0\u1ee3ng truy c\u1eadp trang web v\u00e0 n\u00e2ng cao tr\u1ea3i nghi\u1ec7m duy\u1ec7t web c\u1ee7a b\u1ea1n tr\u00ean trang gi\u1edbi thi\u1ec7u k\u1ef9 thu\u1eadt c\u1ee7a ch\u00fang t\u00f4i.<\/p>\r\n                <\/div>\r\n            <\/section>\r\n\r\n            <section class=\"policy-block\">\r\n                <h2><span>05<\/span> Chuy\u1ec3n giao D\u1eef li\u1ec7u Qu\u1ed1c t\u1ebf<\/h2>\r\n                <div class=\"policy-content\">\r\n                    <p>Tr\u1ee5 s\u1edf ch\u00ednh c\u1ee7a ch\u00fang t\u00f4i \u0111\u1eb7t t\u1ea1i Qu\u1ea3ng Ch\u00e2u, Trung Qu\u1ed1c. B\u1eb1ng c\u00e1ch cung c\u1ea5p th\u00f4ng tin c\u1ee7a b\u1ea1n, b\u1ea1n \u0111\u1ed3ng \u00fd v\u1edbi vi\u1ec7c chuy\u1ec3n giao v\u00e0 x\u1eed l\u00fd d\u1eef li\u1ec7u c\u1ee7a b\u1ea1n t\u1ea1i Trung Qu\u1ed1c v\u00e0 c\u00e1c qu\u1ed1c gia li\u00ean quan kh\u00e1c nh\u1eb1m m\u1ee5c \u0111\u00edch ph\u1ed1i h\u1ee3p d\u1ef1 \u00e1n.<\/p>\r\n                <\/div>\r\n            <\/section>\r\n\r\n            <section class=\"policy-block\">\r\n                <h2><span>06<\/span> Li\u00ean h\u1ec7 ch\u00fang t\u00f4i<\/h2>\r\n                <div class=\"policy-content\">\r\n                    <p>N\u1ebfu b\u1ea1n c\u00f3 b\u1ea5t k\u1ef3 c\u00e2u h\u1ecfi ho\u1eb7c th\u1eafc m\u1eafc n\u00e0o li\u00ean quan \u0111\u1ebfn Ch\u00ednh s\u00e1ch B\u1ea3o m\u1eadt n\u00e0y, vui l\u00f2ng li\u00ean h\u1ec7 v\u1edbi v\u0103n ph\u00f2ng h\u00e0nh ch\u00ednh c\u1ee7a ch\u00fang t\u00f4i:<\/p>\r\n                    \r\n                    <div class=\"contact-card\">\r\n                        <h3>C\u00f4ng ty TNHH L\u1ec1u B\u1ea1t Jute Qu\u1ea3ng Ch\u00e2u<\/h3>\r\n                        <div class=\"contact-info-grid\">\r\n                            <div class=\"info-item\">\r\n                                <strong>\u0110\u1ecba ch\u1ec9<\/strong>\r\n                                <p>S\u1ed1 58 \u0110\u01b0\u1eddng Jianxi, Th\u00f4n Dajian, Qu\u1eadn Nansha, Qu\u1ea3ng Ch\u00e2u, Trung Qu\u1ed1c<\/p>\r\n                            <\/div>\r\n                            <div class=\"info-item\">\r\n                                <strong>Email<\/strong>\r\n                                <p>info@jutent.com<\/p>\r\n                            <\/div>\r\n                            <div class=\"info-item\">\r\n                                <strong>\u0110i\u1ec7n tho\u1ea1i<\/strong>\r\n                                <p>+86 159 8902 9925<\/p>\r\n                            <\/div>\r\n                        <\/div>\r\n                    <\/div>\r\n                <\/div>\r\n            <\/section>\r\n\r\n        <\/div>\r\n    <\/main>\r\n\r\n\r\n<\/body>\r\n\t\t\t\t<\/div>\n\t\t\t\t<\/div>\n\t\t\t\t<\/div>","protected":false},"excerpt":{"rendered":"<p>Privacy Policy At Jutent, we are committed to protecting the privacy and security of your project information and personal data. Last Updated: October 2023 Guangzhou Jute Tent Co., Ltd. (\u201cJUTENT\u201d, \u201cwe\u201d, \u201cour\u201d, or \u201cus\u201d) explains how we collect, use, disclose, and safeguard your information when you visit our website www.jutent.com and use our specialized engineering [&hellip;]<\/p>\n","protected":false},"author":1,"featured_media":0,"parent":0,"menu_order":0,"comment_status":"closed","ping_status":"closed","template":"","meta":{"_acf_changed":false,"site-sidebar-layout":"no-sidebar","site-content-layout":"page-builder","ast-site-content-layout":"full-width-container","site-content-style":"default","site-sidebar-style":"default","ast-global-header-display":"","ast-banner-title-visibility":"","ast-main-header-display":"","ast-hfb-above-header-display":"","ast-hfb-below-header-display":"","ast-hfb-mobile-header-display":"","site-post-title":"","ast-breadcrumbs-content":"","ast-featured-img":"disabled","footer-sml-layout":"","ast-disable-related-posts":"","theme-transparent-header-meta":"","adv-header-id-meta":"","stick-header-meta":"","header-above-stick-meta":"","header-main-stick-meta":"","header-below-stick-meta":"","astra-migrate-meta-layouts":"set","ast-page-background-enabled":"default","ast-page-background-meta":{"desktop":{"background-color":"var(--ast-global-color-4)","background-image":"","background-repeat":"repeat","background-position":"center center","background-size":"auto","background-attachment":"scroll","background-type":"","background-media":"","overlay-type":"","overlay-color":"","overlay-opacity":"","overlay-gradient":""},"tablet":{"background-color":"","background-image":"","background-repeat":"repeat","background-position":"center center","background-size":"auto","background-attachment":"scroll","background-type":"","background-media":"","overlay-type":"","overlay-color":"","overlay-opacity":"","overlay-gradient":""},"mobile":{"background-color":"","background-image":"","background-repeat":"repeat","background-position":"center center","background-size":"auto","background-attachment":"scroll","background-type":"","background-media":"","overlay-type":"","overlay-color":"","overlay-opacity":"","overlay-gradient":""}},"ast-content-background-meta":{"desktop":{"background-color":"var(--ast-global-color-5)","background-image":"","background-repeat":"repeat","background-position":"center center","background-size":"auto","background-attachment":"scroll","background-type":"","background-media":"","overlay-type":"","overlay-color":"","overlay-opacity":"","overlay-gradient":""},"tablet":{"background-color":"var(--ast-global-color-5)","background-image":"","background-repeat":"repeat","background-position":"center center","background-size":"auto","background-attachment":"scroll","background-type":"","background-media":"","overlay-type":"","overlay-color":"","overlay-opacity":"","overlay-gradient":""},"mobile":{"background-color":"var(--ast-global-color-5)","background-image":"","background-repeat":"repeat","background-position":"center center","background-size":"auto","background-attachment":"scroll","background-type":"","background-media":"","overlay-type":"","overlay-color":"","overlay-opacity":"","overlay-gradient":""}},"footnotes":""},"class_list":["post-7789","page","type-page","status-publish","hentry"],"acf":[],"_links":{"self":[{"href":"https:\/\/www.jutent.com\/vi\/wp-json\/wp\/v2\/pages\/7789","targetHints":{"allow":["GET"]}}],"collection":[{"href":"https:\/\/www.jutent.com\/vi\/wp-json\/wp\/v2\/pages"}],"about":[{"href":"https:\/\/www.jutent.com\/vi\/wp-json\/wp\/v2\/types\/page"}],"author":[{"embeddable":true,"href":"https:\/\/www.jutent.com\/vi\/wp-json\/wp\/v2\/users\/1"}],"replies":[{"embeddable":true,"href":"https:\/\/www.jutent.com\/vi\/wp-json\/wp\/v2\/comments?post=7789"}],"version-history":[{"count":0,"href":"https:\/\/www.jutent.com\/vi\/wp-json\/wp\/v2\/pages\/7789\/revisions"}],"wp:attachment":[{"href":"https:\/\/www.jutent.com\/vi\/wp-json\/wp\/v2\/media?parent=7789"}],"curies":[{"name":"wp","href":"https:\/\/api.w.org\/{rel}","templated":true}]}}