{"id":6013,"date":"2023-02-21T00:00:00","date_gmt":"2023-02-20T16:00:00","guid":{"rendered":"https:\/\/www.jutent.com\/?post_type=product&#038;p=6013"},"modified":"2026-04-28T14:03:09","modified_gmt":"2026-04-28T06:03:09","slug":"mai-che-khan-dai-mang-cang-duoc-ho-tro-bang-thanh-cang-cho-san-van-dong","status":"publish","type":"product","link":"https:\/\/www.jutent.com\/vi\/product\/sports\/grandstand-canopy\/tension-rod-supported-tensile-membrane-grandstand-canopy-for-stadiums\/","title":{"rendered":"M\u00e1i Che Kh\u00e1n \u0110\u00e0i C\u0103ng V\u1ea3i H\u1ed7 Tr\u1ee3 B\u1eb1ng Thanh C\u0103ng Cho S\u00e2n V\u1eadn \u0110\u1ed9ng"},"excerpt":{"rendered":"<p>M\u00e1i che kh\u00e1n \u0111\u00e0i m\u00e0ng c\u0103ng thanh c\u0103ng h\u00ecnh v\u00f2m v\u1edbi nh\u1ecbp t\u1eeb 8 m v\u00e0 chi\u1ec1u d\u00e0i c\u00f3 th\u1ec3 t\u00f9y ch\u1ec9nh, \u0111\u01b0\u1ee3c thi\u1ebft k\u1ebf cho ch\u1ed7 ng\u1ed3i s\u00e2n v\u1eadn \u0111\u1ed9ng v\u00e0 c\u01a1 s\u1edf th\u1ec3 thao. C\u1ea5u tr\u00fac m\u00e0ng c\u0103ng n\u00e0y cung c\u1ea5p gi\u1ea3i ph\u00e1p m\u00e1i che s\u00e2n v\u1eadn \u0111\u1ed9ng b\u1ec1n b\u1ec9 v\u00e0 hi\u1ec7n \u0111\u1ea1i cho c\u00e1c khu v\u1ef1c kh\u00e1n gi\u1ea3 ngo\u00e0i tr\u1eddi.<\/p>","protected":false},"author":2,"featured_media":6073,"parent":0,"template":"","meta":{"_acf_changed":false,"site-sidebar-layout":"default","site-content-layout":"","ast-site-content-layout":"default","site-content-style":"default","site-sidebar-style":"default","ast-global-header-display":"","ast-banner-title-visibility":"","ast-main-header-display":"","ast-hfb-above-header-display":"","ast-hfb-below-header-display":"","ast-hfb-mobile-header-display":"","site-post-title":"","ast-breadcrumbs-content":"","ast-featured-img":"","footer-sml-layout":"","ast-disable-related-posts":"","theme-transparent-header-meta":"default","adv-header-id-meta":"","stick-header-meta":"default","header-above-stick-meta":"","header-main-stick-meta":"","header-below-stick-meta":"","astra-migrate-meta-layouts":"set","ast-page-background-enabled":"default","ast-page-background-meta":{"desktop":{"background-color":"var(--ast-global-color-4)","background-image":"","background-repeat":"repeat","background-position":"center center","background-size":"auto","background-attachment":"scroll","background-type":"","background-media":"","overlay-type":"","overlay-color":"","overlay-opacity":"","overlay-gradient":""},"tablet":{"background-color":"","background-image":"","background-repeat":"repeat","background-position":"center center","background-size":"auto","background-attachment":"scroll","background-type":"","background-media":"","overlay-type":"","overlay-color":"","overlay-opacity":"","overlay-gradient":""},"mobile":{"background-color":"","background-image":"","background-repeat":"repeat","background-position":"center center","background-size":"auto","background-attachment":"scroll","background-type":"","background-media":"","overlay-type":"","overlay-color":"","overlay-opacity":"","overlay-gradient":""}},"ast-content-background-meta":{"desktop":{"background-color":"var(--ast-global-color-5)","background-image":"","background-repeat":"repeat","background-position":"center center","background-size":"auto","background-attachment":"scroll","background-type":"","background-media":"","overlay-type":"","overlay-color":"","overlay-opacity":"","overlay-gradient":""},"tablet":{"background-color":"var(--ast-global-color-5)","background-image":"","background-repeat":"repeat","background-position":"center center","background-size":"auto","background-attachment":"scroll","background-type":"","background-media":"","overlay-type":"","overlay-color":"","overlay-opacity":"","overlay-gradient":""},"mobile":{"background-color":"var(--ast-global-color-5)","background-image":"","background-repeat":"repeat","background-position":"center center","background-size":"auto","background-attachment":"scroll","background-type":"","background-media":"","overlay-type":"","overlay-color":"","overlay-opacity":"","overlay-gradient":""}}},"product-application":[162],"class_list":["post-6013","product","type-product","status-publish","has-post-thumbnail","hentry","product-application-grandstand-canopy"],"acf":{"product_gallery":[6070,6071,6072,6074],"product_model_no":"SG-A20S","feature_a":"20% Natural Translucency","feature_b":"99% UV Rejection","feature_c":"High Durability","feature_d":"Seismic Safety","clear_span":"8 \u2013 16 meters","design_wind_speed":"30 \u2013 65 m\/s(Project location based)","membrane_material_type":"PVDF-coated PVC \/ PTFE (650\u20131350 g\/m\u00b2)","surface_treatment":"Painting \u2265 160 \u03bcm\/Hot-dip galvanized(Optional)","fire_performance":"B1 \/ B-s1,d0 (PTFE A2)","design_service_life":"Steel \u2265 20 years\/ Membrane 15\u201325 years","product_drawing":"","3d_model_link":"<div class=\"sketchfab-embed-wrapper\"> <iframe title=\"SG-A20S Tension Rod Supported Grandstand Canopy\" frameborder=\"0\" allowfullscreen mozallowfullscreen=\"true\" webkitallowfullscreen=\"true\" allow=\"autoplay; fullscreen; xr-spatial-tracking\" xr-spatial-tracking execution-while-out-of-viewport execution-while-not-rendered web-share width=\"960\" height=\"540\" src=\"https:\/\/sketchfab.com\/models\/8657ba6857274f2d8f890067508624ef\/embed?autostart=1\"> <\/iframe> <\/div>","product_detail":""},"_links":{"self":[{"href":"https:\/\/www.jutent.com\/vi\/wp-json\/wp\/v2\/product\/6013","targetHints":{"allow":["GET"]}}],"collection":[{"href":"https:\/\/www.jutent.com\/vi\/wp-json\/wp\/v2\/product"}],"about":[{"href":"https:\/\/www.jutent.com\/vi\/wp-json\/wp\/v2\/types\/product"}],"author":[{"embeddable":true,"href":"https:\/\/www.jutent.com\/vi\/wp-json\/wp\/v2\/users\/2"}],"version-history":[{"count":0,"href":"https:\/\/www.jutent.com\/vi\/wp-json\/wp\/v2\/product\/6013\/revisions"}],"acf:attachment":[{"embeddable":true,"href":"https:\/\/www.jutent.com\/vi\/wp-json\/wp\/v2\/media\/6074"},{"embeddable":true,"href":"https:\/\/www.jutent.com\/vi\/wp-json\/wp\/v2\/media\/6072"},{"embeddable":true,"href":"https:\/\/www.jutent.com\/vi\/wp-json\/wp\/v2\/media\/6071"},{"embeddable":true,"href":"https:\/\/www.jutent.com\/vi\/wp-json\/wp\/v2\/media\/6070"}],"wp:featuredmedia":[{"embeddable":true,"href":"https:\/\/www.jutent.com\/vi\/wp-json\/wp\/v2\/media\/6073"}],"wp:attachment":[{"href":"https:\/\/www.jutent.com\/vi\/wp-json\/wp\/v2\/media?parent=6013"}],"wp:term":[{"taxonomy":"product-application","embeddable":true,"href":"https:\/\/www.jutent.com\/vi\/wp-json\/wp\/v2\/product-application?post=6013"}],"curies":[{"name":"wp","href":"https:\/\/api.w.org\/{rel}","templated":true}]}}