{"id":6019,"date":"2023-03-29T00:00:00","date_gmt":"2023-03-28T16:00:00","guid":{"rendered":"https:\/\/www.jutent.com\/?post_type=product&#038;p=6019"},"modified":"2026-04-28T14:03:09","modified_gmt":"2026-04-28T06:03:09","slug":"mai-mang-duoc-ho-tro-bang-thanh-cang-cho-khan-dai-san-van-dong","status":"publish","type":"product","link":"https:\/\/www.jutent.com\/vi\/product\/sports\/grandstand-canopy\/tension-rod-supported-membrane-roof-for-stadium-grandstands\/","title":{"rendered":"M\u00e1i V\u00f2m H\u1ed7 Tr\u1ee3 B\u1eb1ng Thanh C\u0103ng Cho Kh\u00e1n \u0110\u00e0i S\u00e2n V\u1eadn \u0110\u1ed9ng"},"excerpt":{"rendered":"<p>M\u00e1i che m\u00e0ng c\u0103ng \u0111\u01b0\u1ee3c h\u1ed7 tr\u1ee3 b\u1eb1ng thanh c\u0103ng v\u1edbi nh\u1ecbp b\u1eaft \u0111\u1ea7u t\u1eeb 10 m\u00e9t. Chi\u1ec1u d\u00e0i v\u00e0 chi\u1ec1u cao c\u00f3 th\u1ec3 \u0111\u01b0\u1ee3c t\u00f9y ch\u1ec9nh \u0111\u1ec3 \u0111\u00e1p \u1ee9ng y\u00eau c\u1ea7u d\u1ef1 \u00e1n, khi\u1ebfn n\u00f3 tr\u1edf th\u00e0nh gi\u1ea3i ph\u00e1p l\u1ee3p m\u00e1i l\u00fd t\u01b0\u1edfng cho kh\u00e1n \u0111\u00e0i s\u00e2n v\u1eadn \u0111\u1ed9ng v\u00e0 khu v\u1ef1c ch\u1ed7 ng\u1ed3i c\u1ee7a kh\u00e1n gi\u1ea3.<\/p>","protected":false},"author":2,"featured_media":6064,"parent":0,"template":"","meta":{"_acf_changed":false,"site-sidebar-layout":"default","site-content-layout":"","ast-site-content-layout":"default","site-content-style":"default","site-sidebar-style":"default","ast-global-header-display":"","ast-banner-title-visibility":"","ast-main-header-display":"","ast-hfb-above-header-display":"","ast-hfb-below-header-display":"","ast-hfb-mobile-header-display":"","site-post-title":"","ast-breadcrumbs-content":"","ast-featured-img":"","footer-sml-layout":"","ast-disable-related-posts":"","theme-transparent-header-meta":"default","adv-header-id-meta":"","stick-header-meta":"default","header-above-stick-meta":"","header-main-stick-meta":"","header-below-stick-meta":"","astra-migrate-meta-layouts":"set","ast-page-background-enabled":"default","ast-page-background-meta":{"desktop":{"background-color":"var(--ast-global-color-4)","background-image":"","background-repeat":"repeat","background-position":"center center","background-size":"auto","background-attachment":"scroll","background-type":"","background-media":"","overlay-type":"","overlay-color":"","overlay-opacity":"","overlay-gradient":""},"tablet":{"background-color":"","background-image":"","background-repeat":"repeat","background-position":"center center","background-size":"auto","background-attachment":"scroll","background-type":"","background-media":"","overlay-type":"","overlay-color":"","overlay-opacity":"","overlay-gradient":""},"mobile":{"background-color":"","background-image":"","background-repeat":"repeat","background-position":"center center","background-size":"auto","background-attachment":"scroll","background-type":"","background-media":"","overlay-type":"","overlay-color":"","overlay-opacity":"","overlay-gradient":""}},"ast-content-background-meta":{"desktop":{"background-color":"var(--ast-global-color-5)","background-image":"","background-repeat":"repeat","background-position":"center center","background-size":"auto","background-attachment":"scroll","background-type":"","background-media":"","overlay-type":"","overlay-color":"","overlay-opacity":"","overlay-gradient":""},"tablet":{"background-color":"var(--ast-global-color-5)","background-image":"","background-repeat":"repeat","background-position":"center center","background-size":"auto","background-attachment":"scroll","background-type":"","background-media":"","overlay-type":"","overlay-color":"","overlay-opacity":"","overlay-gradient":""},"mobile":{"background-color":"var(--ast-global-color-5)","background-image":"","background-repeat":"repeat","background-position":"center center","background-size":"auto","background-attachment":"scroll","background-type":"","background-media":"","overlay-type":"","overlay-color":"","overlay-opacity":"","overlay-gradient":""}}},"product-application":[162],"class_list":["post-6019","product","type-product","status-publish","has-post-thumbnail","hentry","product-application-grandstand-canopy"],"acf":{"product_gallery":[6059,6060,6058,6061],"product_model_no":"SG-C15A","feature_a":"Ultra-Large Span","feature_b":"20% Natural Translucency","feature_c":"1\/10th Structural Weight","feature_d":"99% UV Rejection","clear_span":"10 - 18 meters","design_wind_speed":"30 \u2013 65 m\/s(Project location based)","membrane_material_type":"PVDF-coated PVC \/ PTFE (650\u20131350 g\/m\u00b2)","surface_treatment":"Painting \u2265 160 \u03bcm\/Hot-dip galvanized(Optional)","fire_performance":"B1 \/ B-s1,d0 (PTFE A2)","design_service_life":"Steel \u2265 20 years\/ Membrane 15\u201325 years","product_drawing":"","3d_model_link":"<div class=\"sketchfab-embed-wrapper\"> <iframe title=\"SG-C15A Tension Rod Supported Grandstands Roof\" frameborder=\"0\" allowfullscreen mozallowfullscreen=\"true\" webkitallowfullscreen=\"true\" allow=\"autoplay; fullscreen; xr-spatial-tracking\" xr-spatial-tracking execution-while-out-of-viewport execution-while-not-rendered web-share width=\"960\" height=\"540\" src=\"https:\/\/sketchfab.com\/models\/233053ea787940e6a3b35d88344c88f6\/embed?autostart=1\"> <\/iframe> <\/div>","product_detail":""},"_links":{"self":[{"href":"https:\/\/www.jutent.com\/vi\/wp-json\/wp\/v2\/product\/6019","targetHints":{"allow":["GET"]}}],"collection":[{"href":"https:\/\/www.jutent.com\/vi\/wp-json\/wp\/v2\/product"}],"about":[{"href":"https:\/\/www.jutent.com\/vi\/wp-json\/wp\/v2\/types\/product"}],"author":[{"embeddable":true,"href":"https:\/\/www.jutent.com\/vi\/wp-json\/wp\/v2\/users\/2"}],"version-history":[{"count":0,"href":"https:\/\/www.jutent.com\/vi\/wp-json\/wp\/v2\/product\/6019\/revisions"}],"acf:attachment":[{"embeddable":true,"href":"https:\/\/www.jutent.com\/vi\/wp-json\/wp\/v2\/media\/6061"},{"embeddable":true,"href":"https:\/\/www.jutent.com\/vi\/wp-json\/wp\/v2\/media\/6058"},{"embeddable":true,"href":"https:\/\/www.jutent.com\/vi\/wp-json\/wp\/v2\/media\/6060"},{"embeddable":true,"href":"https:\/\/www.jutent.com\/vi\/wp-json\/wp\/v2\/media\/6059"}],"wp:featuredmedia":[{"embeddable":true,"href":"https:\/\/www.jutent.com\/vi\/wp-json\/wp\/v2\/media\/6064"}],"wp:attachment":[{"href":"https:\/\/www.jutent.com\/vi\/wp-json\/wp\/v2\/media?parent=6019"}],"wp:term":[{"taxonomy":"product-application","embeddable":true,"href":"https:\/\/www.jutent.com\/vi\/wp-json\/wp\/v2\/product-application?post=6019"}],"curies":[{"name":"wp","href":"https:\/\/api.w.org\/{rel}","templated":true}]}}