{"id":6039,"date":"2023-09-04T00:00:00","date_gmt":"2023-09-03T16:00:00","guid":{"rendered":"https:\/\/www.jutent.com\/?post_type=product&#038;p=6039"},"modified":"2026-04-28T14:03:16","modified_gmt":"2026-04-28T06:03:16","slug":"ket-cau-mang-cang-canh-quan","status":"publish","type":"product","link":"https:\/\/www.jutent.com\/vi\/product\/civic\/park-landscape-structures\/landscape-tensile-membrane-structure\/","title":{"rendered":"K\u1ebft C\u1ea5u M\u00e0ng C\u0103ng C\u1ea3nh Quan"},"excerpt":{"rendered":"<p>K\u1ebft c\u1ea5u m\u00e0ng c\u0103ng c\u1ea3nh quan \u0111\u01b0\u1ee3c thi\u1ebft k\u1ebf cho c\u00f4ng vi\u00ean, qu\u1ea3ng tr\u01b0\u1eddng v\u00e0 kh\u00f4ng gian c\u00f4ng c\u1ed9ng. Nh\u1eefng m\u00e1i che m\u00e0ng ki\u1ebfn tr\u00fac n\u00e0y mang l\u1ea1i t\u00ednh th\u1ea9m m\u1ef9 hi\u1ec7n \u0111\u1ea1i, b\u00f3ng r\u00e2m b\u1ec1n b\u1ec9 v\u00e0 thi\u1ebft k\u1ebf c\u00f3 th\u1ec3 t\u00f9y ch\u1ec9nh cho nhi\u1ec1u \u1ee9ng d\u1ee5ng c\u1ea3nh quan ngo\u00e0i tr\u1eddi.<\/p>","protected":false},"author":2,"featured_media":6087,"parent":0,"template":"","meta":{"_acf_changed":false,"site-sidebar-layout":"default","site-content-layout":"","ast-site-content-layout":"default","site-content-style":"default","site-sidebar-style":"default","ast-global-header-display":"","ast-banner-title-visibility":"","ast-main-header-display":"","ast-hfb-above-header-display":"","ast-hfb-below-header-display":"","ast-hfb-mobile-header-display":"","site-post-title":"","ast-breadcrumbs-content":"","ast-featured-img":"","footer-sml-layout":"","ast-disable-related-posts":"","theme-transparent-header-meta":"default","adv-header-id-meta":"","stick-header-meta":"default","header-above-stick-meta":"","header-main-stick-meta":"","header-below-stick-meta":"","astra-migrate-meta-layouts":"set","ast-page-background-enabled":"default","ast-page-background-meta":{"desktop":{"background-color":"var(--ast-global-color-4)","background-image":"","background-repeat":"repeat","background-position":"center center","background-size":"auto","background-attachment":"scroll","background-type":"","background-media":"","overlay-type":"","overlay-color":"","overlay-opacity":"","overlay-gradient":""},"tablet":{"background-color":"","background-image":"","background-repeat":"repeat","background-position":"center center","background-size":"auto","background-attachment":"scroll","background-type":"","background-media":"","overlay-type":"","overlay-color":"","overlay-opacity":"","overlay-gradient":""},"mobile":{"background-color":"","background-image":"","background-repeat":"repeat","background-position":"center center","background-size":"auto","background-attachment":"scroll","background-type":"","background-media":"","overlay-type":"","overlay-color":"","overlay-opacity":"","overlay-gradient":""}},"ast-content-background-meta":{"desktop":{"background-color":"var(--ast-global-color-5)","background-image":"","background-repeat":"repeat","background-position":"center center","background-size":"auto","background-attachment":"scroll","background-type":"","background-media":"","overlay-type":"","overlay-color":"","overlay-opacity":"","overlay-gradient":""},"tablet":{"background-color":"var(--ast-global-color-5)","background-image":"","background-repeat":"repeat","background-position":"center center","background-size":"auto","background-attachment":"scroll","background-type":"","background-media":"","overlay-type":"","overlay-color":"","overlay-opacity":"","overlay-gradient":""},"mobile":{"background-color":"var(--ast-global-color-5)","background-image":"","background-repeat":"repeat","background-position":"center center","background-size":"auto","background-attachment":"scroll","background-type":"","background-media":"","overlay-type":"","overlay-color":"","overlay-opacity":"","overlay-gradient":""}}},"product-application":[165],"class_list":["post-6039","product","type-product","status-publish","has-post-thumbnail","hentry","product-application-park-landscape-structures"],"acf":{"product_gallery":[6083,6084,6086,6085],"product_model_no":"LA-FY06","feature_a":"1\/10th Structural Weight","feature_b":"99% UV Rejection","feature_c":"Eco-Friendly","feature_d":"Energy Efficient","clear_span":"10 - 25 meters","design_wind_speed":"30 \u2013 65 m\/s(Project location based)","membrane_material_type":"PVDF-coated PVC \/ PTFE (650\u20131350 g\/m\u00b2)","surface_treatment":"Painting \u2265 160 \u03bcm\/Hot-dip galvanized(Optional)","fire_performance":"B1 \/ B-s1,d0 (PTFE A2)","design_service_life":"Steel \u2265 20 years\/ Membrane 15\u201325 years","product_drawing":"","3d_model_link":"<div class=\"sketchfab-embed-wrapper\"> <iframe title=\"LA-FY06 Landscape Tensile Membrane Structure\" frameborder=\"0\" allowfullscreen mozallowfullscreen=\"true\" webkitallowfullscreen=\"true\" allow=\"autoplay; fullscreen; xr-spatial-tracking\" xr-spatial-tracking execution-while-out-of-viewport execution-while-not-rendered web-share width=\"960\" height=\"540\" src=\"https:\/\/sketchfab.com\/models\/07725a45e19e4a268c7a7390f6314338\/embed?autostart=1\"> <\/iframe> <\/div>","product_detail":""},"_links":{"self":[{"href":"https:\/\/www.jutent.com\/vi\/wp-json\/wp\/v2\/product\/6039","targetHints":{"allow":["GET"]}}],"collection":[{"href":"https:\/\/www.jutent.com\/vi\/wp-json\/wp\/v2\/product"}],"about":[{"href":"https:\/\/www.jutent.com\/vi\/wp-json\/wp\/v2\/types\/product"}],"author":[{"embeddable":true,"href":"https:\/\/www.jutent.com\/vi\/wp-json\/wp\/v2\/users\/2"}],"version-history":[{"count":0,"href":"https:\/\/www.jutent.com\/vi\/wp-json\/wp\/v2\/product\/6039\/revisions"}],"acf:attachment":[{"embeddable":true,"href":"https:\/\/www.jutent.com\/vi\/wp-json\/wp\/v2\/media\/6085"},{"embeddable":true,"href":"https:\/\/www.jutent.com\/vi\/wp-json\/wp\/v2\/media\/6086"},{"embeddable":true,"href":"https:\/\/www.jutent.com\/vi\/wp-json\/wp\/v2\/media\/6084"},{"embeddable":true,"href":"https:\/\/www.jutent.com\/vi\/wp-json\/wp\/v2\/media\/6083"}],"wp:featuredmedia":[{"embeddable":true,"href":"https:\/\/www.jutent.com\/vi\/wp-json\/wp\/v2\/media\/6087"}],"wp:attachment":[{"href":"https:\/\/www.jutent.com\/vi\/wp-json\/wp\/v2\/media?parent=6039"}],"wp:term":[{"taxonomy":"product-application","embeddable":true,"href":"https:\/\/www.jutent.com\/vi\/wp-json\/wp\/v2\/product-application?post=6039"}],"curies":[{"name":"wp","href":"https:\/\/api.w.org\/{rel}","templated":true}]}}