{"id":6088,"date":"2023-10-10T00:00:00","date_gmt":"2023-10-09T16:00:00","guid":{"rendered":"https:\/\/www.jutent.com\/?post_type=product&#038;p=6088"},"modified":"2026-04-28T14:03:16","modified_gmt":"2026-04-28T06:03:16","slug":"mai-che-cang-mang-cho-canh-quan-giai-tri","status":"publish","type":"product","link":"https:\/\/www.jutent.com\/vi\/product\/civic\/park-landscape-structures\/leisure-landscape-tensile-membrane-shade-canopy\/","title":{"rendered":"M\u00e1i Che M\u00e0ng C\u0103ng C\u1ea3nh Quan Gi\u1ea3i Tr\u00ed"},"excerpt":{"rendered":"<p>M\u00e1i che c\u0103ng m\u00e0ng cho c\u1ea3nh quan gi\u1ea3i tr\u00ed, \u0111\u01b0\u1ee3c thi\u1ebft k\u1ebf cho c\u00f4ng vi\u00ean, qu\u1ea3ng tr\u01b0\u1eddng v\u00e0 khu v\u1ef1c gi\u1ea3i tr\u00ed ngo\u00e0i tr\u1eddi. C\u1ea5u tr\u00fac m\u00e0ng c\u0103ng n\u00e0y cung c\u1ea5p kh\u1ea3 n\u0103ng ch\u1ed1ng n\u1eafng b\u1ec1n b\u1ec9, th\u1ea9m m\u1ef9 hi\u1ec7n \u0111\u1ea1i v\u00e0 thi\u1ebft k\u1ebf t\u00f9y ch\u1ec9nh cho nhi\u1ec1u \u1ee9ng d\u1ee5ng che b\u00f3ng c\u1ea3nh quan.<\/p>","protected":false},"author":2,"featured_media":6153,"parent":0,"template":"","meta":{"_acf_changed":false,"site-sidebar-layout":"default","site-content-layout":"","ast-site-content-layout":"default","site-content-style":"default","site-sidebar-style":"default","ast-global-header-display":"","ast-banner-title-visibility":"","ast-main-header-display":"","ast-hfb-above-header-display":"","ast-hfb-below-header-display":"","ast-hfb-mobile-header-display":"","site-post-title":"","ast-breadcrumbs-content":"","ast-featured-img":"","footer-sml-layout":"","ast-disable-related-posts":"","theme-transparent-header-meta":"default","adv-header-id-meta":"","stick-header-meta":"default","header-above-stick-meta":"","header-main-stick-meta":"","header-below-stick-meta":"","astra-migrate-meta-layouts":"set","ast-page-background-enabled":"default","ast-page-background-meta":{"desktop":{"background-color":"var(--ast-global-color-4)","background-image":"","background-repeat":"repeat","background-position":"center center","background-size":"auto","background-attachment":"scroll","background-type":"","background-media":"","overlay-type":"","overlay-color":"","overlay-opacity":"","overlay-gradient":""},"tablet":{"background-color":"","background-image":"","background-repeat":"repeat","background-position":"center center","background-size":"auto","background-attachment":"scroll","background-type":"","background-media":"","overlay-type":"","overlay-color":"","overlay-opacity":"","overlay-gradient":""},"mobile":{"background-color":"","background-image":"","background-repeat":"repeat","background-position":"center center","background-size":"auto","background-attachment":"scroll","background-type":"","background-media":"","overlay-type":"","overlay-color":"","overlay-opacity":"","overlay-gradient":""}},"ast-content-background-meta":{"desktop":{"background-color":"var(--ast-global-color-5)","background-image":"","background-repeat":"repeat","background-position":"center center","background-size":"auto","background-attachment":"scroll","background-type":"","background-media":"","overlay-type":"","overlay-color":"","overlay-opacity":"","overlay-gradient":""},"tablet":{"background-color":"var(--ast-global-color-5)","background-image":"","background-repeat":"repeat","background-position":"center center","background-size":"auto","background-attachment":"scroll","background-type":"","background-media":"","overlay-type":"","overlay-color":"","overlay-opacity":"","overlay-gradient":""},"mobile":{"background-color":"var(--ast-global-color-5)","background-image":"","background-repeat":"repeat","background-position":"center center","background-size":"auto","background-attachment":"scroll","background-type":"","background-media":"","overlay-type":"","overlay-color":"","overlay-opacity":"","overlay-gradient":""}}},"product-application":[165],"class_list":["post-6088","product","type-product","status-publish","has-post-thumbnail","hentry","product-application-park-landscape-structures"],"acf":{"product_gallery":[6152,6151,6148,6149],"product_model_no":"LA-LD05","feature_a":"Cost-Effective","feature_b":"20% Natural Translucency","feature_c":"99% UV Rejection","feature_d":"Seismic Safety","clear_span":"6 - 20 meters","design_wind_speed":"30 \u2013 65 m\/s(Project location based)","membrane_material_type":"PVDF-coated PVC \/ PTFE (650\u20131350 g\/m\u00b2)","surface_treatment":"Painting \u2265 160 \u03bcm\/Hot-dip galvanized(Optional)","fire_performance":"B1 \/ B-s1,d0 (PTFE A2)","design_service_life":"Steel \u2265 20 years\/ Membrane 15\u201325 years","product_drawing":"","3d_model_link":"<div class=\"sketchfab-embed-wrapper\"> <iframe title=\"LA-LD05 Leisure Landscape Shade Canopy\" frameborder=\"0\" allowfullscreen mozallowfullscreen=\"true\" webkitallowfullscreen=\"true\" allow=\"autoplay; fullscreen; xr-spatial-tracking\" xr-spatial-tracking execution-while-out-of-viewport execution-while-not-rendered web-share width=\"960\" height=\"540\" src=\"https:\/\/sketchfab.com\/models\/859bd66381cc46e18ec6e7480f513274\/embed?autostart=1\"> <\/iframe> <\/div>","product_detail":""},"_links":{"self":[{"href":"https:\/\/www.jutent.com\/vi\/wp-json\/wp\/v2\/product\/6088","targetHints":{"allow":["GET"]}}],"collection":[{"href":"https:\/\/www.jutent.com\/vi\/wp-json\/wp\/v2\/product"}],"about":[{"href":"https:\/\/www.jutent.com\/vi\/wp-json\/wp\/v2\/types\/product"}],"author":[{"embeddable":true,"href":"https:\/\/www.jutent.com\/vi\/wp-json\/wp\/v2\/users\/2"}],"version-history":[{"count":0,"href":"https:\/\/www.jutent.com\/vi\/wp-json\/wp\/v2\/product\/6088\/revisions"}],"acf:attachment":[{"embeddable":true,"href":"https:\/\/www.jutent.com\/vi\/wp-json\/wp\/v2\/media\/6149"},{"embeddable":true,"href":"https:\/\/www.jutent.com\/vi\/wp-json\/wp\/v2\/media\/6148"},{"embeddable":true,"href":"https:\/\/www.jutent.com\/vi\/wp-json\/wp\/v2\/media\/6151"},{"embeddable":true,"href":"https:\/\/www.jutent.com\/vi\/wp-json\/wp\/v2\/media\/6152"}],"wp:featuredmedia":[{"embeddable":true,"href":"https:\/\/www.jutent.com\/vi\/wp-json\/wp\/v2\/media\/6153"}],"wp:attachment":[{"href":"https:\/\/www.jutent.com\/vi\/wp-json\/wp\/v2\/media?parent=6088"}],"wp:term":[{"taxonomy":"product-application","embeddable":true,"href":"https:\/\/www.jutent.com\/vi\/wp-json\/wp\/v2\/product-application?post=6088"}],"curies":[{"name":"wp","href":"https:\/\/api.w.org\/{rel}","templated":true}]}}