{"id":6154,"date":"2024-06-20T00:00:00","date_gmt":"2024-06-19T16:00:00","guid":{"rendered":"https:\/\/www.jutent.com\/?post_type=product&#038;p=6154"},"modified":"2026-04-28T14:03:17","modified_gmt":"2026-04-28T06:03:17","slug":"mai-san-khau-ket-cau-mang-chiu-luc-ba-dinh","status":"publish","type":"product","link":"https:\/\/www.jutent.com\/vi\/product\/civic\/stage-covers\/triple-peak-tensile-membrane-stage-roof\/","title":{"rendered":"M\u00e1i s\u00e2n kh\u1ea5u c\u0103ng m\u00e0ng ba \u0111\u1ec9nh"},"excerpt":{"rendered":"<p>M\u00e1i che k\u1ebft c\u1ea5u m\u00e0ng ch\u1ecbu l\u1ef1c h\u00ecnh \u0111\u1ec9nh nh\u1ecdn \u0111\u01b0\u1ee3c thi\u1ebft k\u1ebf cho s\u00e2n kh\u1ea5u, mang l\u1ea1i v\u1ebb ngo\u00e0i h\u1ea5p d\u1eabn v\u00e0 hi\u1ec7n \u0111\u1ea1i. V\u1edbi k\u00edch th\u01b0\u1edbc c\u00f3 th\u1ec3 t\u00f9y ch\u1ec9nh, k\u1ebft c\u1ea5u m\u00e0ng ch\u1ecbu l\u1ef1c n\u00e0y l\u00fd t\u01b0\u1edfng cho c\u00e1c bu\u1ed5i bi\u1ec3u di\u1ec5n ngo\u00e0i tr\u1eddi, s\u1ef1 ki\u1ec7n, v\u00e0 l\u1eafp \u0111\u1eb7t s\u00e2n kh\u1ea5u t\u1ea1m th\u1eddi ho\u1eb7c c\u1ed1 \u0111\u1ecbnh.<\/p>","protected":false},"author":2,"featured_media":7656,"parent":0,"template":"","meta":{"_acf_changed":false,"site-sidebar-layout":"default","site-content-layout":"","ast-site-content-layout":"default","site-content-style":"default","site-sidebar-style":"default","ast-global-header-display":"","ast-banner-title-visibility":"","ast-main-header-display":"","ast-hfb-above-header-display":"","ast-hfb-below-header-display":"","ast-hfb-mobile-header-display":"","site-post-title":"","ast-breadcrumbs-content":"","ast-featured-img":"","footer-sml-layout":"","ast-disable-related-posts":"","theme-transparent-header-meta":"default","adv-header-id-meta":"","stick-header-meta":"default","header-above-stick-meta":"","header-main-stick-meta":"","header-below-stick-meta":"","astra-migrate-meta-layouts":"set","ast-page-background-enabled":"default","ast-page-background-meta":{"desktop":{"background-color":"var(--ast-global-color-4)","background-image":"","background-repeat":"repeat","background-position":"center center","background-size":"auto","background-attachment":"scroll","background-type":"","background-media":"","overlay-type":"","overlay-color":"","overlay-opacity":"","overlay-gradient":""},"tablet":{"background-color":"","background-image":"","background-repeat":"repeat","background-position":"center center","background-size":"auto","background-attachment":"scroll","background-type":"","background-media":"","overlay-type":"","overlay-color":"","overlay-opacity":"","overlay-gradient":""},"mobile":{"background-color":"","background-image":"","background-repeat":"repeat","background-position":"center center","background-size":"auto","background-attachment":"scroll","background-type":"","background-media":"","overlay-type":"","overlay-color":"","overlay-opacity":"","overlay-gradient":""}},"ast-content-background-meta":{"desktop":{"background-color":"var(--ast-global-color-5)","background-image":"","background-repeat":"repeat","background-position":"center center","background-size":"auto","background-attachment":"scroll","background-type":"","background-media":"","overlay-type":"","overlay-color":"","overlay-opacity":"","overlay-gradient":""},"tablet":{"background-color":"var(--ast-global-color-5)","background-image":"","background-repeat":"repeat","background-position":"center center","background-size":"auto","background-attachment":"scroll","background-type":"","background-media":"","overlay-type":"","overlay-color":"","overlay-opacity":"","overlay-gradient":""},"mobile":{"background-color":"var(--ast-global-color-5)","background-image":"","background-repeat":"repeat","background-position":"center center","background-size":"auto","background-attachment":"scroll","background-type":"","background-media":"","overlay-type":"","overlay-color":"","overlay-opacity":"","overlay-gradient":""}}},"product-application":[322],"class_list":["post-6154","product","type-product","status-publish","has-post-thumbnail","hentry","product-application-stage-covers"],"acf":{"product_gallery":[6157,6155,6156,6159],"product_model_no":"ST-MD03","feature_a":"Ultra-Large Span","feature_b":"20% Natural Translucency","feature_c":"Cost-Effective","feature_d":"Zero Maintenance Cost","clear_span":"6 -18 meters","design_wind_speed":"30 \u2013 65 m\/s(Project location based)","membrane_material_type":"PVDF-coated PVC \/ PTFE (650\u20131350 g\/m\u00b2)","surface_treatment":"Painting \u2265 160 \u03bcm\/Hot-dip galvanized(Optional)","fire_performance":"B1 \/ B-s1,d0 (PTFE A2)","design_service_life":"Steel \u2265 20 years\/ Membrane 15\u201325 years","product_drawing":"","3d_model_link":"","product_detail":""},"_links":{"self":[{"href":"https:\/\/www.jutent.com\/vi\/wp-json\/wp\/v2\/product\/6154","targetHints":{"allow":["GET"]}}],"collection":[{"href":"https:\/\/www.jutent.com\/vi\/wp-json\/wp\/v2\/product"}],"about":[{"href":"https:\/\/www.jutent.com\/vi\/wp-json\/wp\/v2\/types\/product"}],"author":[{"embeddable":true,"href":"https:\/\/www.jutent.com\/vi\/wp-json\/wp\/v2\/users\/2"}],"version-history":[{"count":0,"href":"https:\/\/www.jutent.com\/vi\/wp-json\/wp\/v2\/product\/6154\/revisions"}],"acf:attachment":[{"embeddable":true,"href":"https:\/\/www.jutent.com\/vi\/wp-json\/wp\/v2\/media\/6159"},{"embeddable":true,"href":"https:\/\/www.jutent.com\/vi\/wp-json\/wp\/v2\/media\/6156"},{"embeddable":true,"href":"https:\/\/www.jutent.com\/vi\/wp-json\/wp\/v2\/media\/6155"},{"embeddable":true,"href":"https:\/\/www.jutent.com\/vi\/wp-json\/wp\/v2\/media\/6157"}],"wp:featuredmedia":[{"embeddable":true,"href":"https:\/\/www.jutent.com\/vi\/wp-json\/wp\/v2\/media\/7656"}],"wp:attachment":[{"href":"https:\/\/www.jutent.com\/vi\/wp-json\/wp\/v2\/media?parent=6154"}],"wp:term":[{"taxonomy":"product-application","embeddable":true,"href":"https:\/\/www.jutent.com\/vi\/wp-json\/wp\/v2\/product-application?post=6154"}],"curies":[{"name":"wp","href":"https:\/\/api.w.org\/{rel}","templated":true}]}}