{"id":6166,"date":"2024-09-21T00:00:00","date_gmt":"2024-09-20T16:00:00","guid":{"rendered":"https:\/\/www.jutent.com\/?post_type=product&#038;p=6166"},"modified":"2026-04-28T14:03:24","modified_gmt":"2026-04-28T06:03:24","slug":"mai-san-khau-cang-mang-hinh-ban-nguyet","status":"publish","type":"product","link":"https:\/\/www.jutent.com\/vi\/product\/civic\/stage-covers\/semi-circular-tensile-membrane-stage-roof\/","title":{"rendered":"M\u00e1i s\u00e2n kh\u1ea5u m\u00e0ng c\u0103ng h\u00ecnh b\u00e1n nguy\u1ec7t"},"excerpt":{"rendered":"<p>M\u00e1i che c\u0103ng h\u00ecnh b\u00e1n nguy\u1ec7t b\u1eb1ng m\u00e0ng c\u0103ng v\u1edbi thi\u1ebft k\u1ebf \u0111\u1eb9p m\u1eaft v\u00e0 hi\u1ec7n \u0111\u1ea1i, l\u00fd t\u01b0\u1edfng cho s\u00e2n kh\u1ea5u v\u00e0 khu v\u1ef1c s\u1ef1 ki\u1ec7n ngo\u00e0i tr\u1eddi. K\u1ebft c\u1ea5u cung c\u1ea5p k\u00edch th\u01b0\u1edbc c\u00f3 th\u1ec3 t\u00f9y ch\u1ec9nh, mang \u0111\u1ebfn kh\u1ea3 n\u0103ng ch\u1ed1ng ch\u1ecbu th\u1eddi ti\u1ebft b\u1ec1n b\u1ec9 v\u00e0 gi\u1ea3i ph\u00e1p ki\u1ebfn tr\u00fac h\u1ea5p d\u1eabn cho c\u00e1c bu\u1ed5i bi\u1ec3u di\u1ec5n v\u00e0 t\u1ee5 h\u1ecdp.<\/p>","protected":false},"author":2,"featured_media":7582,"parent":0,"template":"","meta":{"_acf_changed":false,"site-sidebar-layout":"default","site-content-layout":"","ast-site-content-layout":"default","site-content-style":"default","site-sidebar-style":"default","ast-global-header-display":"","ast-banner-title-visibility":"","ast-main-header-display":"","ast-hfb-above-header-display":"","ast-hfb-below-header-display":"","ast-hfb-mobile-header-display":"","site-post-title":"","ast-breadcrumbs-content":"","ast-featured-img":"","footer-sml-layout":"","ast-disable-related-posts":"","theme-transparent-header-meta":"default","adv-header-id-meta":"","stick-header-meta":"default","header-above-stick-meta":"","header-main-stick-meta":"","header-below-stick-meta":"","astra-migrate-meta-layouts":"set","ast-page-background-enabled":"default","ast-page-background-meta":{"desktop":{"background-color":"var(--ast-global-color-4)","background-image":"","background-repeat":"repeat","background-position":"center center","background-size":"auto","background-attachment":"scroll","background-type":"","background-media":"","overlay-type":"","overlay-color":"","overlay-opacity":"","overlay-gradient":""},"tablet":{"background-color":"","background-image":"","background-repeat":"repeat","background-position":"center center","background-size":"auto","background-attachment":"scroll","background-type":"","background-media":"","overlay-type":"","overlay-color":"","overlay-opacity":"","overlay-gradient":""},"mobile":{"background-color":"","background-image":"","background-repeat":"repeat","background-position":"center center","background-size":"auto","background-attachment":"scroll","background-type":"","background-media":"","overlay-type":"","overlay-color":"","overlay-opacity":"","overlay-gradient":""}},"ast-content-background-meta":{"desktop":{"background-color":"var(--ast-global-color-5)","background-image":"","background-repeat":"repeat","background-position":"center center","background-size":"auto","background-attachment":"scroll","background-type":"","background-media":"","overlay-type":"","overlay-color":"","overlay-opacity":"","overlay-gradient":""},"tablet":{"background-color":"var(--ast-global-color-5)","background-image":"","background-repeat":"repeat","background-position":"center center","background-size":"auto","background-attachment":"scroll","background-type":"","background-media":"","overlay-type":"","overlay-color":"","overlay-opacity":"","overlay-gradient":""},"mobile":{"background-color":"var(--ast-global-color-5)","background-image":"","background-repeat":"repeat","background-position":"center center","background-size":"auto","background-attachment":"scroll","background-type":"","background-media":"","overlay-type":"","overlay-color":"","overlay-opacity":"","overlay-gradient":""}}},"product-application":[322],"class_list":["post-6166","product","type-product","status-publish","has-post-thumbnail","hentry","product-application-stage-covers"],"acf":{"product_gallery":[6168,6169,6170,6171],"product_model_no":"ST-CL01","feature_a":"Ultra-Large Span","feature_b":"1\/10th Structural Weight","feature_c":"Roof Self-Cleaning","feature_d":"Class A\/B1 Fire Rating","clear_span":"6 - 20 meters","design_wind_speed":"30 \u2013 65 m\/s(Project location based)","membrane_material_type":"PVDF-coated PVC \/ PTFE (650\u20131350 g\/m\u00b2)","surface_treatment":"Painting \u2265 160 \u03bcm\/Hot-dip galvanized(Optional)","fire_performance":"B1 \/ B-s1,d0 (PTFE A2)","design_service_life":"Steel \u2265 20 years\/ Membrane 15\u201325 years","product_drawing":"","3d_model_link":"<div class=\"sketchfab-embed-wrapper\"> <iframe title=\"ST-CL01 Semi-Circular Membrane Stage Roof\" frameborder=\"0\" allowfullscreen mozallowfullscreen=\"true\" webkitallowfullscreen=\"true\" allow=\"autoplay; fullscreen; xr-spatial-tracking\" xr-spatial-tracking execution-while-out-of-viewport execution-while-not-rendered web-share width=\"960\" height=\"540\" src=\"https:\/\/sketchfab.com\/models\/ab3900cd709a45e1a7fb7927ae61041e\/embed?autostart=1\"> <\/iframe> <\/div>","product_detail":""},"_links":{"self":[{"href":"https:\/\/www.jutent.com\/vi\/wp-json\/wp\/v2\/product\/6166","targetHints":{"allow":["GET"]}}],"collection":[{"href":"https:\/\/www.jutent.com\/vi\/wp-json\/wp\/v2\/product"}],"about":[{"href":"https:\/\/www.jutent.com\/vi\/wp-json\/wp\/v2\/types\/product"}],"author":[{"embeddable":true,"href":"https:\/\/www.jutent.com\/vi\/wp-json\/wp\/v2\/users\/2"}],"version-history":[{"count":0,"href":"https:\/\/www.jutent.com\/vi\/wp-json\/wp\/v2\/product\/6166\/revisions"}],"acf:attachment":[{"embeddable":true,"href":"https:\/\/www.jutent.com\/vi\/wp-json\/wp\/v2\/media\/6171"},{"embeddable":true,"href":"https:\/\/www.jutent.com\/vi\/wp-json\/wp\/v2\/media\/6170"},{"embeddable":true,"href":"https:\/\/www.jutent.com\/vi\/wp-json\/wp\/v2\/media\/6169"},{"embeddable":true,"href":"https:\/\/www.jutent.com\/vi\/wp-json\/wp\/v2\/media\/6168"}],"wp:featuredmedia":[{"embeddable":true,"href":"https:\/\/www.jutent.com\/vi\/wp-json\/wp\/v2\/media\/7582"}],"wp:attachment":[{"href":"https:\/\/www.jutent.com\/vi\/wp-json\/wp\/v2\/media?parent=6166"}],"wp:term":[{"taxonomy":"product-application","embeddable":true,"href":"https:\/\/www.jutent.com\/vi\/wp-json\/wp\/v2\/product-application?post=6166"}],"curies":[{"name":"wp","href":"https:\/\/api.w.org\/{rel}","templated":true}]}}